{"id":592,"date":"2019-03-15T19:37:17","date_gmt":"2019-03-15T19:37:17","guid":{"rendered":"http:\/\/saltlakefurniture.com\/?page_id=592"},"modified":"2020-02-11T16:46:56","modified_gmt":"2020-02-11T16:46:56","slug":"office-or-den","status":"publish","type":"page","link":"https:\/\/saltlakefurniture.com\/es\/office-or-den\/","title":{"rendered":"Oficina o Den - Salt Lake"},"content":{"rendered":"<img loading=\"lazy\" decoding=\"async\" src=\"http:\/\/saltlakefurniture.com\/wp-content\/uploads\/2019\/03\/Office-Desk-Olympia-West-Jordan.png\" alt=\"Office Desk - Olympia West Jordan\" itemprop=\"image\" height=\"612\" width=\"864\" title=\"Escritorio de oficina - Olympia West Jordan\" onerror=\"this.style.display='none'\"  \/>\n<h1>\n\t\tMuebles de oficina o sala de estudio\n\t<\/h1>\n<h2>\n\t\tEscritorios, almacenamiento, estantes para libros y m\u00e1s para su oficina y estudio en el hogar en Salt Lake o West Valley\n\t<\/h2>\n\t\t\t<a href=\"http:\/\/saltlakefurniture.com\/es\/contact\/\" target=\"_self\" role=\"button\" rel=\"noopener noreferrer\">\n\t\t\t\t\t\t\tVisita nuestra tienda\n\t\t\t\t\t<\/a>\n\t\t\t<a href=\"https:\/\/olympiafurnitureonline.com\/category\/office\" target=\"_self\" role=\"button\" rel=\"nofollow noopener noreferrer\">\n\t\t\t\t\t\t\tCompre nuestra GRAN selecci\u00f3n\n\t\t\t\t\t<\/a>\n\t<p>Sea m\u00e1s productivo trabajando en su casa de West Valley creando una oficina o estudio con muebles que le hagan sentir como si hubiera &quot;viajado y ido al trabajo&quot;. \u00bfNecesita un archivador o credenza para almacenar archivos y suministros de oficina? \u00bfQuiz\u00e1s un escritorio y una silla de oficina nuevos y m\u00e1s ergon\u00f3micos para una oficina en casa en Rose Park o Salt Lake completen lo que comenz\u00f3? Tenemos libreros, l\u00e1mparas, otros acentos y m\u00e1s para completar y hacer de tu oficina tu estilo.<\/p>\n<p>&nbsp;<\/p>\n<p>Las distracciones son el peor enemigo de un estudiante. Es importante dedicar un espacio para hacerlo, para que puedas jugar duro. Por eso ofrecemos muebles de calidad para el alumno que ha hecho de la escuela una prioridad. Y si vive dentro de las 10 millas, no solo entregaremos, traeremos los muebles nuevos a su hogar y los instalaremos donde lo desee. Una hora m\u00e1s para asegurarte de que superas esa prueba. \u00bfC\u00f3mo puede superar eso?<\/p>\n<p>&nbsp;<\/p>\n\t<ul>\n\t\t\t<li>\n\t\t\t\t<h3> Vivir en West Valley o Salt Lake?<\/h3>Entrega gratuita dentro de las 10 millas: de 10 a.m. a 10 p.m.\n\t\t\t<\/li>\n\t\t<\/ul>\n\t\t\t\t<img loading=\"lazy\" decoding=\"async\" src=\"http:\/\/saltlakefurniture.com\/wp-content\/uploads\/2019\/03\/Book-Case-Olympia-Furniture.jpg\" alt=\"Book Case West Jordan\" itemprop=\"image\" height=\"616\" width=\"819\" title=\"Funda de libro Olympia Furniture\" onerror=\"this.style.display='none'\"  \/>\n<h2>\n\t\t<strong>Hacemos coincidir la calidad y los precios de RC Willey, Office Depot y muebles de granito.<\/strong>\n\t<\/h2>\n\t<p>Nuestros precios de lista no est\u00e1n establecidos. Vis\u00edtenos y lo ayudaremos a encontrar el escritorio, la silla de oficina y otros muebles de oficina perfectos que durar\u00e1n a un precio que no arruinar\u00e1 el banco.<\/p>\n\t<p><strong>Olympia Furniture (Tienda Salt Lake)<\/strong><\/p>\n7019 South Redwood Road<br \/>\nWest Jordan, UT 84084\n<p><a href=\"tel:+18016959555\"> (801) 695-9555<\/a><\/p>\n\t<p><strong>Vis\u00edtanos<\/strong><\/p>\nLunes a s\u00e1bado: 10 a. M. - 7:30 p. M.<br \/>\nDomingo: 11 a. M. - 5 p. M.\n<p>Hablamos Espnaol - Muebles y Colchones<\/p>\n\t<iframe src=\"https:\/\/www.google.com\/maps\/embed\/v1\/place?q=Olympia+Furniture+%28Salt+Lake+Store%29+1842+S+Redwood+Rd%2C+Salt+Lake+City%2C+UT+84104%0A&#038;key=AIzaSyD09zQ9PNDNNy9TadMuzRV_UsPUoWKntt8\" aria-hidden=\"true\"><\/iframe>","protected":false},"excerpt":{"rendered":"<p>Muebles de oficina o sala de estar Escritorios, almacenamiento, estanter\u00edas para libros y m\u00e1s para su estudio de oficina y hogar en Salt Lake o West Valley Visite nuestra tienda Compre nuestra GRAN selecci\u00f3n Sea m\u00e1s productivo trabajando en su hogar de West Valley creando una oficina o estudio con muebles que hace que se sienta como si hubiera &quot;conmutado y ...<\/p>","protected":false},"author":1,"featured_media":0,"parent":0,"menu_order":0,"comment_status":"closed","ping_status":"closed","template":"","meta":{"footnotes":""},"class_list":["post-592","page","type-page","status-publish","hentry"],"yoast_head":"<!-- This site is optimized with the Yoast SEO plugin v27.3 - https:\/\/yoast.com\/product\/yoast-seo-wordpress\/ -->\n<title>Office or Den - Salt Lake - Best Prices &amp; Selection - Furniture &amp; Mattresses | Olympia Furniture<\/title>\n<meta name=\"robots\" content=\"index, follow, max-snippet:-1, max-image-preview:large, max-video-preview:-1\" \/>\n<link rel=\"canonical\" href=\"https:\/\/saltlakefurniture.com\/es\/office-or-den\/\" \/>\n<meta property=\"og:locale\" content=\"es_MX\" \/>\n<meta property=\"og:type\" content=\"article\" \/>\n<meta property=\"og:title\" content=\"Office or Den - Salt Lake - Best Prices &amp; Selection - Furniture &amp; Mattresses | Olympia Furniture\" \/>\n<meta property=\"og:description\" content=\"Office or Den Room Furniture Desks, Storage, Book Cases and More for Your Office &#038; Home Study in Salt Lake or West Valley Visit Our Store Shop Our BIG Selection Be more productive working in your West Valley home by creating an office or den with furniture that makes it feel like you&#8217;ve &#8220;commuted and&hellip;\" \/>\n<meta property=\"og:url\" content=\"https:\/\/saltlakefurniture.com\/es\/office-or-den\/\" \/>\n<meta property=\"og:site_name\" content=\"Best Prices &amp; Selection - Furniture &amp; Mattresses | Olympia Furniture\" \/>\n<meta property=\"article:publisher\" content=\"https:\/\/www.facebook.com\/olympiafurniturewj\/\" \/>\n<meta property=\"article:modified_time\" content=\"2020-02-11T16:46:56+00:00\" \/>\n<meta property=\"og:image\" content=\"http:\/\/saltlakefurniture.com\/wp-content\/uploads\/2019\/03\/Office-Desk-Olympia-West-Jordan.png\" \/>\n<meta name=\"twitter:card\" content=\"summary_large_image\" \/>\n<meta name=\"twitter:label1\" content=\"Tiempo de lectura\" \/>\n\t<meta name=\"twitter:data1\" content=\"1 minuto\" \/>\n<script type=\"application\/ld+json\" class=\"yoast-schema-graph\">{\"@context\":\"https:\\\/\\\/schema.org\",\"@graph\":[{\"@type\":\"WebPage\",\"@id\":\"https:\\\/\\\/saltlakefurniture.com\\\/es\\\/office-or-den\\\/\",\"url\":\"https:\\\/\\\/saltlakefurniture.com\\\/es\\\/office-or-den\\\/\",\"name\":\"Office or Den - Salt Lake - Best Prices &amp; Selection - Furniture &amp; Mattresses | Olympia Furniture\",\"isPartOf\":{\"@id\":\"https:\\\/\\\/saltlakefurniture.com\\\/#website\"},\"primaryImageOfPage\":{\"@id\":\"https:\\\/\\\/saltlakefurniture.com\\\/es\\\/office-or-den\\\/#primaryimage\"},\"image\":{\"@id\":\"https:\\\/\\\/saltlakefurniture.com\\\/es\\\/office-or-den\\\/#primaryimage\"},\"thumbnailUrl\":\"http:\\\/\\\/saltlakefurniture.com\\\/wp-content\\\/uploads\\\/2019\\\/03\\\/Office-Desk-Olympia-West-Jordan.png\",\"datePublished\":\"2019-03-15T19:37:17+00:00\",\"dateModified\":\"2020-02-11T16:46:56+00:00\",\"breadcrumb\":{\"@id\":\"https:\\\/\\\/saltlakefurniture.com\\\/es\\\/office-or-den\\\/#breadcrumb\"},\"inLanguage\":\"es\",\"potentialAction\":[{\"@type\":\"ReadAction\",\"target\":[\"https:\\\/\\\/saltlakefurniture.com\\\/es\\\/office-or-den\\\/\"]}]},{\"@type\":\"ImageObject\",\"inLanguage\":\"es\",\"@id\":\"https:\\\/\\\/saltlakefurniture.com\\\/es\\\/office-or-den\\\/#primaryimage\",\"url\":\"http:\\\/\\\/saltlakefurniture.com\\\/wp-content\\\/uploads\\\/2019\\\/03\\\/Office-Desk-Olympia-West-Jordan.png\",\"contentUrl\":\"http:\\\/\\\/saltlakefurniture.com\\\/wp-content\\\/uploads\\\/2019\\\/03\\\/Office-Desk-Olympia-West-Jordan.png\"},{\"@type\":\"BreadcrumbList\",\"@id\":\"https:\\\/\\\/saltlakefurniture.com\\\/es\\\/office-or-den\\\/#breadcrumb\",\"itemListElement\":[{\"@type\":\"ListItem\",\"position\":1,\"name\":\"Home\",\"item\":\"https:\\\/\\\/saltlakefurniture.com\\\/\"},{\"@type\":\"ListItem\",\"position\":2,\"name\":\"Office or Den &#8211; Salt Lake\"}]},{\"@type\":\"WebSite\",\"@id\":\"https:\\\/\\\/saltlakefurniture.com\\\/#website\",\"url\":\"https:\\\/\\\/saltlakefurniture.com\\\/\",\"name\":\"Best Prices &amp; Selection - Furniture &amp; Mattresses | Olympia Furniture\",\"description\":\"Fast &amp; Easy Furniture Shopping Experience with Your Personal Furniture Consultant\",\"publisher\":{\"@id\":\"https:\\\/\\\/saltlakefurniture.com\\\/#organization\"},\"potentialAction\":[{\"@type\":\"SearchAction\",\"target\":{\"@type\":\"EntryPoint\",\"urlTemplate\":\"https:\\\/\\\/saltlakefurniture.com\\\/?s={search_term_string}\"},\"query-input\":{\"@type\":\"PropertyValueSpecification\",\"valueRequired\":true,\"valueName\":\"search_term_string\"}}],\"inLanguage\":\"es\"},{\"@type\":\"Organization\",\"@id\":\"https:\\\/\\\/saltlakefurniture.com\\\/#organization\",\"name\":\"Olympia Furniture | West Jordan\",\"url\":\"https:\\\/\\\/saltlakefurniture.com\\\/\",\"logo\":{\"@type\":\"ImageObject\",\"inLanguage\":\"es\",\"@id\":\"https:\\\/\\\/saltlakefurniture.com\\\/#\\\/schema\\\/logo\\\/image\\\/\",\"url\":\"http:\\\/\\\/saltlakefurniture.com\\\/wp-content\\\/uploads\\\/2019\\\/03\\\/Olympia-Funiture-and-Mattress-logo-e1556236669250.jpg\",\"contentUrl\":\"http:\\\/\\\/saltlakefurniture.com\\\/wp-content\\\/uploads\\\/2019\\\/03\\\/Olympia-Funiture-and-Mattress-logo-e1556236669250.jpg\",\"width\":300,\"height\":115,\"caption\":\"Olympia Furniture | West Jordan\"},\"image\":{\"@id\":\"https:\\\/\\\/saltlakefurniture.com\\\/#\\\/schema\\\/logo\\\/image\\\/\"},\"sameAs\":[\"https:\\\/\\\/www.facebook.com\\\/olympiafurniturewj\\\/\",\"https:\\\/\\\/www.pinterest.com\\\/olympiafurniture\\\/\"]}]}<\/script>\n<!-- \/ Yoast SEO plugin. -->","yoast_head_json":{"title":"Office or Den - Salt Lake - Best Prices &amp; Selection - Furniture &amp; Mattresses | Olympia Furniture","robots":{"index":"index","follow":"follow","max-snippet":"max-snippet:-1","max-image-preview":"max-image-preview:large","max-video-preview":"max-video-preview:-1"},"canonical":"https:\/\/saltlakefurniture.com\/es\/office-or-den\/","og_locale":"es_MX","og_type":"article","og_title":"Office or Den - Salt Lake - Best Prices &amp; Selection - Furniture &amp; Mattresses | Olympia Furniture","og_description":"Office or Den Room Furniture Desks, Storage, Book Cases and More for Your Office &#038; Home Study in Salt Lake or West Valley Visit Our Store Shop Our BIG Selection Be more productive working in your West Valley home by creating an office or den with furniture that makes it feel like you&#8217;ve &#8220;commuted and&hellip;","og_url":"https:\/\/saltlakefurniture.com\/es\/office-or-den\/","og_site_name":"Best Prices &amp; Selection - Furniture &amp; Mattresses | Olympia Furniture","article_publisher":"https:\/\/www.facebook.com\/olympiafurniturewj\/","article_modified_time":"2020-02-11T16:46:56+00:00","og_image":[{"url":"http:\/\/saltlakefurniture.com\/wp-content\/uploads\/2019\/03\/Office-Desk-Olympia-West-Jordan.png","type":"","width":"","height":""}],"twitter_card":"summary_large_image","twitter_misc":{"Tiempo de lectura":"1 minuto"},"schema":{"@context":"https:\/\/schema.org","@graph":[{"@type":"WebPage","@id":"https:\/\/saltlakefurniture.com\/es\/office-or-den\/","url":"https:\/\/saltlakefurniture.com\/es\/office-or-den\/","name":"Office or Den - Salt Lake - Best Prices &amp; Selection - Furniture &amp; Mattresses | Olympia Furniture","isPartOf":{"@id":"https:\/\/saltlakefurniture.com\/#website"},"primaryImageOfPage":{"@id":"https:\/\/saltlakefurniture.com\/es\/office-or-den\/#primaryimage"},"image":{"@id":"https:\/\/saltlakefurniture.com\/es\/office-or-den\/#primaryimage"},"thumbnailUrl":"http:\/\/saltlakefurniture.com\/wp-content\/uploads\/2019\/03\/Office-Desk-Olympia-West-Jordan.png","datePublished":"2019-03-15T19:37:17+00:00","dateModified":"2020-02-11T16:46:56+00:00","breadcrumb":{"@id":"https:\/\/saltlakefurniture.com\/es\/office-or-den\/#breadcrumb"},"inLanguage":"es","potentialAction":[{"@type":"ReadAction","target":["https:\/\/saltlakefurniture.com\/es\/office-or-den\/"]}]},{"@type":"ImageObject","inLanguage":"es","@id":"https:\/\/saltlakefurniture.com\/es\/office-or-den\/#primaryimage","url":"http:\/\/saltlakefurniture.com\/wp-content\/uploads\/2019\/03\/Office-Desk-Olympia-West-Jordan.png","contentUrl":"http:\/\/saltlakefurniture.com\/wp-content\/uploads\/2019\/03\/Office-Desk-Olympia-West-Jordan.png"},{"@type":"BreadcrumbList","@id":"https:\/\/saltlakefurniture.com\/es\/office-or-den\/#breadcrumb","itemListElement":[{"@type":"ListItem","position":1,"name":"Home","item":"https:\/\/saltlakefurniture.com\/"},{"@type":"ListItem","position":2,"name":"Office or Den &#8211; Salt Lake"}]},{"@type":"WebSite","@id":"https:\/\/saltlakefurniture.com\/#website","url":"https:\/\/saltlakefurniture.com\/","name":"Mejores precios y selecci\u00f3n - Muebles y colchones | Muebles Olympia","description":"Fast &amp; Easy Furniture Shopping Experience with Your Personal Furniture Consultant","publisher":{"@id":"https:\/\/saltlakefurniture.com\/#organization"},"potentialAction":[{"@type":"SearchAction","target":{"@type":"EntryPoint","urlTemplate":"https:\/\/saltlakefurniture.com\/?s={search_term_string}"},"query-input":{"@type":"PropertyValueSpecification","valueRequired":true,"valueName":"search_term_string"}}],"inLanguage":"es"},{"@type":"Organization","@id":"https:\/\/saltlakefurniture.com\/#organization","name":"Olympia Furniture | West Jordan","url":"https:\/\/saltlakefurniture.com\/","logo":{"@type":"ImageObject","inLanguage":"es","@id":"https:\/\/saltlakefurniture.com\/#\/schema\/logo\/image\/","url":"http:\/\/saltlakefurniture.com\/wp-content\/uploads\/2019\/03\/Olympia-Funiture-and-Mattress-logo-e1556236669250.jpg","contentUrl":"http:\/\/saltlakefurniture.com\/wp-content\/uploads\/2019\/03\/Olympia-Funiture-and-Mattress-logo-e1556236669250.jpg","width":300,"height":115,"caption":"Olympia Furniture | West Jordan"},"image":{"@id":"https:\/\/saltlakefurniture.com\/#\/schema\/logo\/image\/"},"sameAs":["https:\/\/www.facebook.com\/olympiafurniturewj\/","https:\/\/www.pinterest.com\/olympiafurniture\/"]}]}},"_links":{"self":[{"href":"https:\/\/saltlakefurniture.com\/es\/wp-json\/wp\/v2\/pages\/592","targetHints":{"allow":["GET"]}}],"collection":[{"href":"https:\/\/saltlakefurniture.com\/es\/wp-json\/wp\/v2\/pages"}],"about":[{"href":"https:\/\/saltlakefurniture.com\/es\/wp-json\/wp\/v2\/types\/page"}],"author":[{"embeddable":true,"href":"https:\/\/saltlakefurniture.com\/es\/wp-json\/wp\/v2\/users\/1"}],"replies":[{"embeddable":true,"href":"https:\/\/saltlakefurniture.com\/es\/wp-json\/wp\/v2\/comments?post=592"}],"version-history":[{"count":8,"href":"https:\/\/saltlakefurniture.com\/es\/wp-json\/wp\/v2\/pages\/592\/revisions"}],"predecessor-version":[{"id":907,"href":"https:\/\/saltlakefurniture.com\/es\/wp-json\/wp\/v2\/pages\/592\/revisions\/907"}],"wp:attachment":[{"href":"https:\/\/saltlakefurniture.com\/es\/wp-json\/wp\/v2\/media?parent=592"}],"curies":[{"name":"wp","href":"https:\/\/api.w.org\/{rel}","templated":true}]}}