{"id":579,"date":"2019-03-15T19:22:26","date_gmt":"2019-03-15T19:22:26","guid":{"rendered":"http:\/\/saltlakefurniture.com\/?page_id=579"},"modified":"2020-02-11T16:46:36","modified_gmt":"2020-02-11T16:46:36","slug":"outdoor-living","status":"publish","type":"page","link":"https:\/\/saltlakefurniture.com\/es\/outdoor-living\/","title":{"rendered":"Vida al aire libre - Salt Lake"},"content":{"rendered":"<img loading=\"lazy\" decoding=\"async\" src=\"http:\/\/saltlakefurniture.com\/wp-content\/uploads\/2020\/02\/Outdoor-Furniture-wicker-Sofas-Coffee-Table-and-end-tables-Olympia-Furniture-West-Valley.jpg\" alt=\"Outdoor Furniture wicker Sofas, Coffee Table and end tables; Olympia Furniture West Valley\" itemprop=\"image\" height=\"400\" width=\"954\" title=\"Muebles de exterior, sof\u00e1s de mimbre, mesa de centro y mesas auxiliares - Olympia Furniture West Valley\" onerror=\"this.style.display='none'\"  \/>\n<h1>\n\t\tMuebles de exterior\n\t<\/h1>\n<h2>\n\t\tAmpl\u00ede la vida interior al exterior de su hogar en Salt Lake o West Valley, Utah\n\t<\/h2>\n\t\t\t<a href=\"http:\/\/saltlakefurniture.com\/es\/contact\/\" target=\"_self\" role=\"button\" rel=\"noopener noreferrer\">\n\t\t\t\t\t\t\tVisita nuestra tienda\n\t\t\t\t\t<\/a>\n\t\t\t<a href=\"https:\/\/olympiafurnitureonline.com\/category\/outdoor-4\" target=\"_self\" role=\"button\" rel=\"nofollow noopener noreferrer\">\n\t\t\t\t\t\t\tCompre nuestra GRAN selecci\u00f3n\n\t\t\t\t\t<\/a>\n\t<p>Las noches de verano de Utah en West Valley y el lado oeste de Salt Lake en Granger y Rose Park son frescas y tranquilas. Invita a tus amigos y muda tu vida interior a la exterior. Menos distracciones y m\u00e1s conversaci\u00f3n. Una manera simple de expandir los pies cuadrados de su hogar, encontrar\u00e1 que los sof\u00e1s y los sof\u00e1s para descansar y comer al aire libre pueden ser a\u00fan m\u00e1s c\u00f3modos con una ligera brisa y aire fresco que incluso sus habitaciones interiores.<\/p>\n<p>&nbsp;<\/p>\n<p>Los fabricantes de muebles ahora hacen que los muebles de exterior sean tan c\u00f3modos, funcionales y agradables como los muebles de interior. Deje que sus hijos corran por el patio, mientras toma una copa o se relaja con un libro al aire libre en su nuevo sof\u00e1, mesa o sillas decorativas.<\/p>\n\t<ul>\n\t\t\t<li>\n\t\t\t\t<h3> Vivir en West Valley o Salt Lake?<\/h3>Entrega gratuita dentro de las 10 millas: de 10 a.m. a 10 p.m.\n\t\t\t<\/li>\n\t\t<\/ul>\n\t\t\t\t<img loading=\"lazy\" decoding=\"async\" src=\"http:\/\/saltlakefurniture.com\/wp-content\/uploads\/2019\/03\/Outdoor-bar-high-table-Olympia-Furniture-Kearns.png\" alt=\"Outdoor bar - high table - Olympia Furniture Kearns\" itemprop=\"image\" height=\"679\" width=\"955\" title=\"Bar al aire libre - mesa alta - Olympia Furniture Kearns\" onerror=\"this.style.display='none'\"  \/>\n<h2>\n\t\t<strong>Superaremos cualquier precio en las tiendas RC Willey&#039;s, Ashley&#039;s Furniture y The Warehouse Furniture.<\/strong>\n\t<\/h2>\n\t<p>Las comunidades latinas y africanas en West Valley y West Salt Lake han estado comprando en nuestra tienda Salt Lake durante casi 20 a\u00f1os. \u00bfPor qu\u00e9? Porque ofrecemos m\u00e1s valor que RC Willey. Les ahorramos un viaje a Ashley&#039;s Furniture y brindamos un servicio al cliente superior a The Warehouse. Traiga una foto de un mueble de exterior que desee y encontraremos una pieza comparable de alta calidad a un precio m\u00e1s bajo.<\/p>\n\t<p><strong>Olympia Furniture (Tienda Salt Lake)<\/strong><\/p>\n7019 South Redwood Road<br \/>\nWest Jordan, UT 84084\n<p><a href=\"tel:+18016959555\"> (801) 695-9555<\/a><\/p>\n\t<p><strong>Vis\u00edtanos<\/strong><\/p>\nLunes a s\u00e1bado: 10 a. M. - 7:30 p. M.<br \/>\nDomingo: 11 a. M. - 5 p. M.\n<p>Hablamos Espnaol - Muebles y Colchones<\/p>\n\t<iframe src=\"https:\/\/www.google.com\/maps\/embed\/v1\/place?q=Olympia+Furniture+%28Salt+Lake+Store%29+1842+S+Redwood+Rd%2C+Salt+Lake+City%2C+UT+84104%0A&#038;key=AIzaSyD09zQ9PNDNNy9TadMuzRV_UsPUoWKntt8\" aria-hidden=\"true\"><\/iframe>","protected":false},"excerpt":{"rendered":"<p>Muebles para exteriores Extienda la vida interior al exterior de su hogar en Salt Lake o West Valley, Utah Visite nuestra tienda Compre Nuestra GRAN selecci\u00f3n Utah Las noches de verano en West Valley y el lado oeste de Salt Lake en Granger y Rose Park son frescas y tranquilas . Invita a tus amigos y mueve tu\u2026<\/p>","protected":false},"author":1,"featured_media":0,"parent":0,"menu_order":0,"comment_status":"closed","ping_status":"closed","template":"","meta":{"footnotes":""},"class_list":["post-579","page","type-page","status-publish","hentry"],"yoast_head":"<!-- This site is optimized with the Yoast SEO plugin v27.3 - https:\/\/yoast.com\/product\/yoast-seo-wordpress\/ -->\n<title>Outdoor Living - Salt Lake - Best Prices &amp; Selection - Furniture &amp; Mattresses | Olympia Furniture<\/title>\n<meta name=\"robots\" content=\"index, follow, max-snippet:-1, max-image-preview:large, max-video-preview:-1\" \/>\n<link rel=\"canonical\" href=\"https:\/\/saltlakefurniture.com\/es\/outdoor-living\/\" \/>\n<meta property=\"og:locale\" content=\"es_MX\" \/>\n<meta property=\"og:type\" content=\"article\" \/>\n<meta property=\"og:title\" content=\"Outdoor Living - Salt Lake - Best Prices &amp; Selection - Furniture &amp; Mattresses | Olympia Furniture\" \/>\n<meta property=\"og:description\" content=\"Outdoor Living Furniture Extend the Indoor Living into the Outdoors of Your Home in Salt Lake or West Valley, Utah Visit Our Store Shop Our BIG Selection Utah Summer nights in West Valley and the west side of Salt Lake in Granger and Rose Park are cool and calm.\u00a0 Have friends over and move your&hellip;\" \/>\n<meta property=\"og:url\" content=\"https:\/\/saltlakefurniture.com\/es\/outdoor-living\/\" \/>\n<meta property=\"og:site_name\" content=\"Best Prices &amp; Selection - Furniture &amp; Mattresses | Olympia Furniture\" \/>\n<meta property=\"article:publisher\" content=\"https:\/\/www.facebook.com\/olympiafurniturewj\/\" \/>\n<meta property=\"article:modified_time\" content=\"2020-02-11T16:46:36+00:00\" \/>\n<meta property=\"og:image\" content=\"http:\/\/saltlakefurniture.com\/wp-content\/uploads\/2020\/02\/Outdoor-Furniture-wicker-Sofas-Coffee-Table-and-end-tables-Olympia-Furniture-West-Valley.jpg\" \/>\n<meta name=\"twitter:card\" content=\"summary_large_image\" \/>\n<meta name=\"twitter:label1\" content=\"Tiempo de lectura\" \/>\n\t<meta name=\"twitter:data1\" content=\"1 minuto\" \/>\n<script type=\"application\/ld+json\" class=\"yoast-schema-graph\">{\"@context\":\"https:\\\/\\\/schema.org\",\"@graph\":[{\"@type\":\"WebPage\",\"@id\":\"https:\\\/\\\/saltlakefurniture.com\\\/outdoor-living\\\/\",\"url\":\"https:\\\/\\\/saltlakefurniture.com\\\/outdoor-living\\\/\",\"name\":\"Outdoor Living - Salt Lake - Best Prices &amp; Selection - Furniture &amp; Mattresses | Olympia Furniture\",\"isPartOf\":{\"@id\":\"https:\\\/\\\/saltlakefurniture.com\\\/#website\"},\"primaryImageOfPage\":{\"@id\":\"https:\\\/\\\/saltlakefurniture.com\\\/outdoor-living\\\/#primaryimage\"},\"image\":{\"@id\":\"https:\\\/\\\/saltlakefurniture.com\\\/outdoor-living\\\/#primaryimage\"},\"thumbnailUrl\":\"http:\\\/\\\/saltlakefurniture.com\\\/wp-content\\\/uploads\\\/2020\\\/02\\\/Outdoor-Furniture-wicker-Sofas-Coffee-Table-and-end-tables-Olympia-Furniture-West-Valley.jpg\",\"datePublished\":\"2019-03-15T19:22:26+00:00\",\"dateModified\":\"2020-02-11T16:46:36+00:00\",\"breadcrumb\":{\"@id\":\"https:\\\/\\\/saltlakefurniture.com\\\/outdoor-living\\\/#breadcrumb\"},\"inLanguage\":\"es\",\"potentialAction\":[{\"@type\":\"ReadAction\",\"target\":[\"https:\\\/\\\/saltlakefurniture.com\\\/outdoor-living\\\/\"]}]},{\"@type\":\"ImageObject\",\"inLanguage\":\"es\",\"@id\":\"https:\\\/\\\/saltlakefurniture.com\\\/outdoor-living\\\/#primaryimage\",\"url\":\"http:\\\/\\\/saltlakefurniture.com\\\/wp-content\\\/uploads\\\/2020\\\/02\\\/Outdoor-Furniture-wicker-Sofas-Coffee-Table-and-end-tables-Olympia-Furniture-West-Valley.jpg\",\"contentUrl\":\"http:\\\/\\\/saltlakefurniture.com\\\/wp-content\\\/uploads\\\/2020\\\/02\\\/Outdoor-Furniture-wicker-Sofas-Coffee-Table-and-end-tables-Olympia-Furniture-West-Valley.jpg\"},{\"@type\":\"BreadcrumbList\",\"@id\":\"https:\\\/\\\/saltlakefurniture.com\\\/outdoor-living\\\/#breadcrumb\",\"itemListElement\":[{\"@type\":\"ListItem\",\"position\":1,\"name\":\"Home\",\"item\":\"https:\\\/\\\/saltlakefurniture.com\\\/\"},{\"@type\":\"ListItem\",\"position\":2,\"name\":\"Outdoor Living &#8211; Salt Lake\"}]},{\"@type\":\"WebSite\",\"@id\":\"https:\\\/\\\/saltlakefurniture.com\\\/#website\",\"url\":\"https:\\\/\\\/saltlakefurniture.com\\\/\",\"name\":\"Best Prices &amp; Selection - Furniture &amp; Mattresses | Olympia Furniture\",\"description\":\"Fast &amp; Easy Furniture Shopping Experience with Your Personal Furniture Consultant\",\"publisher\":{\"@id\":\"https:\\\/\\\/saltlakefurniture.com\\\/#organization\"},\"potentialAction\":[{\"@type\":\"SearchAction\",\"target\":{\"@type\":\"EntryPoint\",\"urlTemplate\":\"https:\\\/\\\/saltlakefurniture.com\\\/?s={search_term_string}\"},\"query-input\":{\"@type\":\"PropertyValueSpecification\",\"valueRequired\":true,\"valueName\":\"search_term_string\"}}],\"inLanguage\":\"es\"},{\"@type\":\"Organization\",\"@id\":\"https:\\\/\\\/saltlakefurniture.com\\\/#organization\",\"name\":\"Olympia Furniture | West Jordan\",\"url\":\"https:\\\/\\\/saltlakefurniture.com\\\/\",\"logo\":{\"@type\":\"ImageObject\",\"inLanguage\":\"es\",\"@id\":\"https:\\\/\\\/saltlakefurniture.com\\\/#\\\/schema\\\/logo\\\/image\\\/\",\"url\":\"http:\\\/\\\/saltlakefurniture.com\\\/wp-content\\\/uploads\\\/2019\\\/03\\\/Olympia-Funiture-and-Mattress-logo-e1556236669250.jpg\",\"contentUrl\":\"http:\\\/\\\/saltlakefurniture.com\\\/wp-content\\\/uploads\\\/2019\\\/03\\\/Olympia-Funiture-and-Mattress-logo-e1556236669250.jpg\",\"width\":300,\"height\":115,\"caption\":\"Olympia Furniture | West Jordan\"},\"image\":{\"@id\":\"https:\\\/\\\/saltlakefurniture.com\\\/#\\\/schema\\\/logo\\\/image\\\/\"},\"sameAs\":[\"https:\\\/\\\/www.facebook.com\\\/olympiafurniturewj\\\/\",\"https:\\\/\\\/www.pinterest.com\\\/olympiafurniture\\\/\"]}]}<\/script>\n<!-- \/ Yoast SEO plugin. -->","yoast_head_json":{"title":"Outdoor Living - Salt Lake - Best Prices &amp; Selection - Furniture &amp; Mattresses | Olympia Furniture","robots":{"index":"index","follow":"follow","max-snippet":"max-snippet:-1","max-image-preview":"max-image-preview:large","max-video-preview":"max-video-preview:-1"},"canonical":"https:\/\/saltlakefurniture.com\/es\/outdoor-living\/","og_locale":"es_MX","og_type":"article","og_title":"Outdoor Living - Salt Lake - Best Prices &amp; Selection - Furniture &amp; Mattresses | Olympia Furniture","og_description":"Outdoor Living Furniture Extend the Indoor Living into the Outdoors of Your Home in Salt Lake or West Valley, Utah Visit Our Store Shop Our BIG Selection Utah Summer nights in West Valley and the west side of Salt Lake in Granger and Rose Park are cool and calm.\u00a0 Have friends over and move your&hellip;","og_url":"https:\/\/saltlakefurniture.com\/es\/outdoor-living\/","og_site_name":"Best Prices &amp; Selection - Furniture &amp; Mattresses | Olympia Furniture","article_publisher":"https:\/\/www.facebook.com\/olympiafurniturewj\/","article_modified_time":"2020-02-11T16:46:36+00:00","og_image":[{"url":"http:\/\/saltlakefurniture.com\/wp-content\/uploads\/2020\/02\/Outdoor-Furniture-wicker-Sofas-Coffee-Table-and-end-tables-Olympia-Furniture-West-Valley.jpg","type":"","width":"","height":""}],"twitter_card":"summary_large_image","twitter_misc":{"Tiempo de lectura":"1 minuto"},"schema":{"@context":"https:\/\/schema.org","@graph":[{"@type":"WebPage","@id":"https:\/\/saltlakefurniture.com\/outdoor-living\/","url":"https:\/\/saltlakefurniture.com\/outdoor-living\/","name":"Outdoor Living - Salt Lake - Best Prices &amp; Selection - Furniture &amp; Mattresses | Olympia Furniture","isPartOf":{"@id":"https:\/\/saltlakefurniture.com\/#website"},"primaryImageOfPage":{"@id":"https:\/\/saltlakefurniture.com\/outdoor-living\/#primaryimage"},"image":{"@id":"https:\/\/saltlakefurniture.com\/outdoor-living\/#primaryimage"},"thumbnailUrl":"http:\/\/saltlakefurniture.com\/wp-content\/uploads\/2020\/02\/Outdoor-Furniture-wicker-Sofas-Coffee-Table-and-end-tables-Olympia-Furniture-West-Valley.jpg","datePublished":"2019-03-15T19:22:26+00:00","dateModified":"2020-02-11T16:46:36+00:00","breadcrumb":{"@id":"https:\/\/saltlakefurniture.com\/outdoor-living\/#breadcrumb"},"inLanguage":"es","potentialAction":[{"@type":"ReadAction","target":["https:\/\/saltlakefurniture.com\/outdoor-living\/"]}]},{"@type":"ImageObject","inLanguage":"es","@id":"https:\/\/saltlakefurniture.com\/outdoor-living\/#primaryimage","url":"http:\/\/saltlakefurniture.com\/wp-content\/uploads\/2020\/02\/Outdoor-Furniture-wicker-Sofas-Coffee-Table-and-end-tables-Olympia-Furniture-West-Valley.jpg","contentUrl":"http:\/\/saltlakefurniture.com\/wp-content\/uploads\/2020\/02\/Outdoor-Furniture-wicker-Sofas-Coffee-Table-and-end-tables-Olympia-Furniture-West-Valley.jpg"},{"@type":"BreadcrumbList","@id":"https:\/\/saltlakefurniture.com\/outdoor-living\/#breadcrumb","itemListElement":[{"@type":"ListItem","position":1,"name":"Home","item":"https:\/\/saltlakefurniture.com\/"},{"@type":"ListItem","position":2,"name":"Outdoor Living &#8211; Salt Lake"}]},{"@type":"WebSite","@id":"https:\/\/saltlakefurniture.com\/#website","url":"https:\/\/saltlakefurniture.com\/","name":"Mejores precios y selecci\u00f3n - Muebles y colchones | Muebles Olympia","description":"Fast &amp; Easy Furniture Shopping Experience with Your Personal Furniture Consultant","publisher":{"@id":"https:\/\/saltlakefurniture.com\/#organization"},"potentialAction":[{"@type":"SearchAction","target":{"@type":"EntryPoint","urlTemplate":"https:\/\/saltlakefurniture.com\/?s={search_term_string}"},"query-input":{"@type":"PropertyValueSpecification","valueRequired":true,"valueName":"search_term_string"}}],"inLanguage":"es"},{"@type":"Organization","@id":"https:\/\/saltlakefurniture.com\/#organization","name":"Olympia Furniture | West Jordan","url":"https:\/\/saltlakefurniture.com\/","logo":{"@type":"ImageObject","inLanguage":"es","@id":"https:\/\/saltlakefurniture.com\/#\/schema\/logo\/image\/","url":"http:\/\/saltlakefurniture.com\/wp-content\/uploads\/2019\/03\/Olympia-Funiture-and-Mattress-logo-e1556236669250.jpg","contentUrl":"http:\/\/saltlakefurniture.com\/wp-content\/uploads\/2019\/03\/Olympia-Funiture-and-Mattress-logo-e1556236669250.jpg","width":300,"height":115,"caption":"Olympia Furniture | West Jordan"},"image":{"@id":"https:\/\/saltlakefurniture.com\/#\/schema\/logo\/image\/"},"sameAs":["https:\/\/www.facebook.com\/olympiafurniturewj\/","https:\/\/www.pinterest.com\/olympiafurniture\/"]}]}},"_links":{"self":[{"href":"https:\/\/saltlakefurniture.com\/es\/wp-json\/wp\/v2\/pages\/579","targetHints":{"allow":["GET"]}}],"collection":[{"href":"https:\/\/saltlakefurniture.com\/es\/wp-json\/wp\/v2\/pages"}],"about":[{"href":"https:\/\/saltlakefurniture.com\/es\/wp-json\/wp\/v2\/types\/page"}],"author":[{"embeddable":true,"href":"https:\/\/saltlakefurniture.com\/es\/wp-json\/wp\/v2\/users\/1"}],"replies":[{"embeddable":true,"href":"https:\/\/saltlakefurniture.com\/es\/wp-json\/wp\/v2\/comments?post=579"}],"version-history":[{"count":8,"href":"https:\/\/saltlakefurniture.com\/es\/wp-json\/wp\/v2\/pages\/579\/revisions"}],"predecessor-version":[{"id":905,"href":"https:\/\/saltlakefurniture.com\/es\/wp-json\/wp\/v2\/pages\/579\/revisions\/905"}],"wp:attachment":[{"href":"https:\/\/saltlakefurniture.com\/es\/wp-json\/wp\/v2\/media?parent=579"}],"curies":[{"name":"wp","href":"https:\/\/api.w.org\/{rel}","templated":true}]}}