{"id":576,"date":"2019-03-15T19:13:39","date_gmt":"2019-03-15T19:13:39","guid":{"rendered":"http:\/\/saltlakefurniture.com\/?page_id=576"},"modified":"2020-02-11T16:47:52","modified_gmt":"2020-02-11T16:47:52","slug":"entertainment","status":"publish","type":"page","link":"https:\/\/saltlakefurniture.com\/es\/entertainment\/","title":{"rendered":"Mobiliario de entretenimiento - Salt Lake"},"content":{"rendered":"<img loading=\"lazy\" decoding=\"async\" src=\"http:\/\/saltlakefurniture.com\/wp-content\/uploads\/2019\/03\/Entertainment-Center-Olympia-West-Jordan.png\" alt=\"Entertainment Furniture West Jordan Utah\" itemprop=\"image\" height=\"653\" width=\"873\" title=\"Centro de entretenimiento - Olympia West Jordan\" onerror=\"this.style.display='none'\"  \/>\n<h1>\n\t\tMuebles de sala de entretenimiento\n\t<\/h1>\n<h2>\n\t\tEntretener en su sala de entretenimiento en su hogar en West Valley o Salt Lake\n\t<\/h2>\n\t\t\t<a href=\"http:\/\/saltlakefurniture.com\/es\/contact\/\" target=\"_self\" role=\"button\" rel=\"noopener noreferrer\">\n\t\t\t\t\t\t\tVisita nuestra tienda\n\t\t\t\t\t<\/a>\n\t\t\t<a href=\"https:\/\/olympiafurnitureonline.com\/category\/entertainment\" target=\"_self\" role=\"button\" rel=\"nofollow noopener noreferrer\">\n\t\t\t\t\t\t\tCompre nuestra GRAN selecci\u00f3n\n\t\t\t\t\t<\/a>\n\t<p>El gran partido de f\u00fatbol, una ocasi\u00f3n familiar o unas vacaciones. Tal vez una fiesta de cumplea\u00f1os, videojuegos, ver una pel\u00edcula o una noche de juegos con amigos en su casa. Cualquiera que sea el caso, todos recordamos haber crecido y c\u00f3mo parec\u00edamos gravitar hacia las casas de ciertos amigos. \u00bfPor qu\u00e9? Una de las razones es la comodidad y las opciones de cosas que hacer. Crear una atm\u00f3sfera c\u00f3moda y entretenida donde sus hijos quieran estar y traer a sus amigos puede ser de gran importancia. Con m\u00e1s tiempo libre que nunca, los hogares necesitan una hermosa sala familiar llena de entretenimiento y comodidad.<\/p>\n<p>&nbsp;<\/p>\n<p>Tenemos sof\u00e1s, otomanas, soportes de TV, mesas de caf\u00e9 y m\u00e1s para equipar completamente su habitaci\u00f3n familiar con diversi\u00f3n que durar\u00e1 hasta altas horas de la noche y durante a\u00f1os como recuerdos familiares.<\/p>\n<p>&nbsp;<\/p>\n\t<ul>\n\t\t\t<li>\n\t\t\t\t<h3> Vivir en West Valley o Salt Lake?<\/h3>Entrega gratuita dentro de las 10 millas: de 10 a.m. a 10 p.m.\n\t\t\t<\/li>\n\t\t<\/ul>\n\t\t\t\t<img loading=\"lazy\" decoding=\"async\" src=\"http:\/\/saltlakefurniture.com\/wp-content\/uploads\/2019\/03\/Rustic-Furniture-Living-Room-Olympia-West-Jordan.png\" alt=\"Rustic Furniture Living Room - Olympia West Jordan\" itemprop=\"image\" height=\"677\" width=\"953\" title=\"Sala de estar de muebles r\u00fasticos - Olympia West Jordan\" onerror=\"this.style.display='none'\"  \/>\n<h2>\n\t\t<strong>RC Willey, Granite Furniture, Aaron&#039;s Furniture o Ashley Furniture no nos derrotar\u00e1.<\/strong>\n\t<\/h2>\n\t<p>Las comunidades latinas y africanas en West Valley y West Salt Lake han estado comprando en nuestra tienda Salt Lake durante casi 20 a\u00f1os. Igualaremos o mejoraremos los precios de otras tiendas de muebles locales como RC Willey. Si visita Granite Furniture o Ashley&#039;s Furniture, tome una foto de lo que le guste y tr\u00e1igala, y encontraremos la misma pieza, comparable o mejor por el mismo o mejor precio. O simplemente puede comenzar aqu\u00ed, sabiendo que ahorrar\u00e1 tiempo para obtener el mejor valor desde el principio.<\/p>\n\t<p><strong>Olympia Furniture (Tienda Salt Lake)<\/strong><\/p>\n7019 South Redwood Road<br \/>\nWest Jordan, UT 84084\n<p><a href=\"tel:+18016959555\"> (801) 695-9555<\/a><\/p>\n\t<p><strong>Vis\u00edtanos<\/strong><\/p>\nLunes a s\u00e1bado: 10 a. M. - 7:30 p. M.<br \/>\nDomingo: 11 a. M. - 5 p. M.\n<p>Hablamos Espnaol - Muebles y Colchones<\/p>\n\t<iframe src=\"https:\/\/www.google.com\/maps\/embed\/v1\/place?q=Olympia+Furniture+%28Salt+Lake+Store%29+1842+S+Redwood+Rd%2C+Salt+Lake+City%2C+UT+84104%0A&#038;key=AIzaSyD09zQ9PNDNNy9TadMuzRV_UsPUoWKntt8\" aria-hidden=\"true\"><\/iframe>","protected":false},"excerpt":{"rendered":"<p>Mobiliario de sala de entretenimiento Divi\u00e9rtase en su sala de entretenimiento en su hogar en West Valley o Salt Lake Visite nuestra tienda Compre nuestra GRAN selecci\u00f3n El gran partido de f\u00fatbol, una ocasi\u00f3n familiar o un d\u00eda festivo. Tal vez una fiesta de cumplea\u00f1os, videojuegos, ver una pel\u00edcula o una noche de juegos con amigos en su casa. Cualquiera que sea el caso, nosotros ...<\/p>","protected":false},"author":1,"featured_media":0,"parent":0,"menu_order":0,"comment_status":"closed","ping_status":"closed","template":"","meta":{"footnotes":""},"class_list":["post-576","page","type-page","status-publish","hentry"],"yoast_head":"<!-- This site is optimized with the Yoast SEO plugin v27.3 - https:\/\/yoast.com\/product\/yoast-seo-wordpress\/ -->\n<title>Entertainment Furniture - Salt Lake - Best Prices &amp; Selection - Furniture &amp; Mattresses | Olympia Furniture<\/title>\n<meta name=\"robots\" content=\"index, follow, max-snippet:-1, max-image-preview:large, max-video-preview:-1\" \/>\n<link rel=\"canonical\" href=\"https:\/\/saltlakefurniture.com\/es\/entertainment\/\" \/>\n<meta property=\"og:locale\" content=\"es_MX\" \/>\n<meta property=\"og:type\" content=\"article\" \/>\n<meta property=\"og:title\" content=\"Entertainment Furniture - Salt Lake - Best Prices &amp; Selection - Furniture &amp; Mattresses | Olympia Furniture\" \/>\n<meta property=\"og:description\" content=\"Entertainment Room Furniture Entertain in Your Entertainment Room at Your Home in West Valley or Salt Lake Visit Our Store Shop Our BIG Selection The big soccer match, or a family occasion or holiday. Perhaps a birthday party, video games, watching a movie or a friends game night at your home.\u00a0 Whatever the case, we&hellip;\" \/>\n<meta property=\"og:url\" content=\"https:\/\/saltlakefurniture.com\/es\/entertainment\/\" \/>\n<meta property=\"og:site_name\" content=\"Best Prices &amp; Selection - Furniture &amp; Mattresses | Olympia Furniture\" \/>\n<meta property=\"article:publisher\" content=\"https:\/\/www.facebook.com\/olympiafurniturewj\/\" \/>\n<meta property=\"article:modified_time\" content=\"2020-02-11T16:47:52+00:00\" \/>\n<meta property=\"og:image\" content=\"http:\/\/saltlakefurniture.com\/wp-content\/uploads\/2019\/03\/Entertainment-Center-Olympia-West-Jordan.png\" \/>\n<meta name=\"twitter:card\" content=\"summary_large_image\" \/>\n<meta name=\"twitter:label1\" content=\"Tiempo de lectura\" \/>\n\t<meta name=\"twitter:data1\" content=\"2 minutos\" \/>\n<script type=\"application\/ld+json\" class=\"yoast-schema-graph\">{\"@context\":\"https:\\\/\\\/schema.org\",\"@graph\":[{\"@type\":\"WebPage\",\"@id\":\"https:\\\/\\\/saltlakefurniture.com\\\/entertainment\\\/\",\"url\":\"https:\\\/\\\/saltlakefurniture.com\\\/entertainment\\\/\",\"name\":\"Entertainment Furniture - Salt Lake - Best Prices &amp; Selection - Furniture &amp; Mattresses | Olympia Furniture\",\"isPartOf\":{\"@id\":\"https:\\\/\\\/saltlakefurniture.com\\\/#website\"},\"primaryImageOfPage\":{\"@id\":\"https:\\\/\\\/saltlakefurniture.com\\\/entertainment\\\/#primaryimage\"},\"image\":{\"@id\":\"https:\\\/\\\/saltlakefurniture.com\\\/entertainment\\\/#primaryimage\"},\"thumbnailUrl\":\"http:\\\/\\\/saltlakefurniture.com\\\/wp-content\\\/uploads\\\/2019\\\/03\\\/Entertainment-Center-Olympia-West-Jordan.png\",\"datePublished\":\"2019-03-15T19:13:39+00:00\",\"dateModified\":\"2020-02-11T16:47:52+00:00\",\"breadcrumb\":{\"@id\":\"https:\\\/\\\/saltlakefurniture.com\\\/entertainment\\\/#breadcrumb\"},\"inLanguage\":\"es\",\"potentialAction\":[{\"@type\":\"ReadAction\",\"target\":[\"https:\\\/\\\/saltlakefurniture.com\\\/entertainment\\\/\"]}]},{\"@type\":\"ImageObject\",\"inLanguage\":\"es\",\"@id\":\"https:\\\/\\\/saltlakefurniture.com\\\/entertainment\\\/#primaryimage\",\"url\":\"http:\\\/\\\/saltlakefurniture.com\\\/wp-content\\\/uploads\\\/2019\\\/03\\\/Entertainment-Center-Olympia-West-Jordan.png\",\"contentUrl\":\"http:\\\/\\\/saltlakefurniture.com\\\/wp-content\\\/uploads\\\/2019\\\/03\\\/Entertainment-Center-Olympia-West-Jordan.png\"},{\"@type\":\"BreadcrumbList\",\"@id\":\"https:\\\/\\\/saltlakefurniture.com\\\/entertainment\\\/#breadcrumb\",\"itemListElement\":[{\"@type\":\"ListItem\",\"position\":1,\"name\":\"Home\",\"item\":\"https:\\\/\\\/saltlakefurniture.com\\\/\"},{\"@type\":\"ListItem\",\"position\":2,\"name\":\"Entertainment Furniture &#8211; Salt Lake\"}]},{\"@type\":\"WebSite\",\"@id\":\"https:\\\/\\\/saltlakefurniture.com\\\/#website\",\"url\":\"https:\\\/\\\/saltlakefurniture.com\\\/\",\"name\":\"Best Prices &amp; Selection - Furniture &amp; Mattresses | Olympia Furniture\",\"description\":\"Fast &amp; Easy Furniture Shopping Experience with Your Personal Furniture Consultant\",\"publisher\":{\"@id\":\"https:\\\/\\\/saltlakefurniture.com\\\/#organization\"},\"potentialAction\":[{\"@type\":\"SearchAction\",\"target\":{\"@type\":\"EntryPoint\",\"urlTemplate\":\"https:\\\/\\\/saltlakefurniture.com\\\/?s={search_term_string}\"},\"query-input\":{\"@type\":\"PropertyValueSpecification\",\"valueRequired\":true,\"valueName\":\"search_term_string\"}}],\"inLanguage\":\"es\"},{\"@type\":\"Organization\",\"@id\":\"https:\\\/\\\/saltlakefurniture.com\\\/#organization\",\"name\":\"Olympia Furniture | West Jordan\",\"url\":\"https:\\\/\\\/saltlakefurniture.com\\\/\",\"logo\":{\"@type\":\"ImageObject\",\"inLanguage\":\"es\",\"@id\":\"https:\\\/\\\/saltlakefurniture.com\\\/#\\\/schema\\\/logo\\\/image\\\/\",\"url\":\"http:\\\/\\\/saltlakefurniture.com\\\/wp-content\\\/uploads\\\/2019\\\/03\\\/Olympia-Funiture-and-Mattress-logo-e1556236669250.jpg\",\"contentUrl\":\"http:\\\/\\\/saltlakefurniture.com\\\/wp-content\\\/uploads\\\/2019\\\/03\\\/Olympia-Funiture-and-Mattress-logo-e1556236669250.jpg\",\"width\":300,\"height\":115,\"caption\":\"Olympia Furniture | West Jordan\"},\"image\":{\"@id\":\"https:\\\/\\\/saltlakefurniture.com\\\/#\\\/schema\\\/logo\\\/image\\\/\"},\"sameAs\":[\"https:\\\/\\\/www.facebook.com\\\/olympiafurniturewj\\\/\",\"https:\\\/\\\/www.pinterest.com\\\/olympiafurniture\\\/\"]}]}<\/script>\n<!-- \/ Yoast SEO plugin. -->","yoast_head_json":{"title":"Entertainment Furniture - Salt Lake - Best Prices &amp; Selection - Furniture &amp; Mattresses | Olympia Furniture","robots":{"index":"index","follow":"follow","max-snippet":"max-snippet:-1","max-image-preview":"max-image-preview:large","max-video-preview":"max-video-preview:-1"},"canonical":"https:\/\/saltlakefurniture.com\/es\/entertainment\/","og_locale":"es_MX","og_type":"article","og_title":"Entertainment Furniture - Salt Lake - Best Prices &amp; Selection - Furniture &amp; Mattresses | Olympia Furniture","og_description":"Entertainment Room Furniture Entertain in Your Entertainment Room at Your Home in West Valley or Salt Lake Visit Our Store Shop Our BIG Selection The big soccer match, or a family occasion or holiday. Perhaps a birthday party, video games, watching a movie or a friends game night at your home.\u00a0 Whatever the case, we&hellip;","og_url":"https:\/\/saltlakefurniture.com\/es\/entertainment\/","og_site_name":"Best Prices &amp; Selection - Furniture &amp; Mattresses | Olympia Furniture","article_publisher":"https:\/\/www.facebook.com\/olympiafurniturewj\/","article_modified_time":"2020-02-11T16:47:52+00:00","og_image":[{"url":"http:\/\/saltlakefurniture.com\/wp-content\/uploads\/2019\/03\/Entertainment-Center-Olympia-West-Jordan.png","type":"","width":"","height":""}],"twitter_card":"summary_large_image","twitter_misc":{"Tiempo de lectura":"2 minutos"},"schema":{"@context":"https:\/\/schema.org","@graph":[{"@type":"WebPage","@id":"https:\/\/saltlakefurniture.com\/entertainment\/","url":"https:\/\/saltlakefurniture.com\/entertainment\/","name":"Entertainment Furniture - Salt Lake - Best Prices &amp; Selection - Furniture &amp; Mattresses | Olympia Furniture","isPartOf":{"@id":"https:\/\/saltlakefurniture.com\/#website"},"primaryImageOfPage":{"@id":"https:\/\/saltlakefurniture.com\/entertainment\/#primaryimage"},"image":{"@id":"https:\/\/saltlakefurniture.com\/entertainment\/#primaryimage"},"thumbnailUrl":"http:\/\/saltlakefurniture.com\/wp-content\/uploads\/2019\/03\/Entertainment-Center-Olympia-West-Jordan.png","datePublished":"2019-03-15T19:13:39+00:00","dateModified":"2020-02-11T16:47:52+00:00","breadcrumb":{"@id":"https:\/\/saltlakefurniture.com\/entertainment\/#breadcrumb"},"inLanguage":"es","potentialAction":[{"@type":"ReadAction","target":["https:\/\/saltlakefurniture.com\/entertainment\/"]}]},{"@type":"ImageObject","inLanguage":"es","@id":"https:\/\/saltlakefurniture.com\/entertainment\/#primaryimage","url":"http:\/\/saltlakefurniture.com\/wp-content\/uploads\/2019\/03\/Entertainment-Center-Olympia-West-Jordan.png","contentUrl":"http:\/\/saltlakefurniture.com\/wp-content\/uploads\/2019\/03\/Entertainment-Center-Olympia-West-Jordan.png"},{"@type":"BreadcrumbList","@id":"https:\/\/saltlakefurniture.com\/entertainment\/#breadcrumb","itemListElement":[{"@type":"ListItem","position":1,"name":"Home","item":"https:\/\/saltlakefurniture.com\/"},{"@type":"ListItem","position":2,"name":"Entertainment Furniture &#8211; Salt Lake"}]},{"@type":"WebSite","@id":"https:\/\/saltlakefurniture.com\/#website","url":"https:\/\/saltlakefurniture.com\/","name":"Mejores precios y selecci\u00f3n - Muebles y colchones | Muebles Olympia","description":"Fast &amp; Easy Furniture Shopping Experience with Your Personal Furniture Consultant","publisher":{"@id":"https:\/\/saltlakefurniture.com\/#organization"},"potentialAction":[{"@type":"SearchAction","target":{"@type":"EntryPoint","urlTemplate":"https:\/\/saltlakefurniture.com\/?s={search_term_string}"},"query-input":{"@type":"PropertyValueSpecification","valueRequired":true,"valueName":"search_term_string"}}],"inLanguage":"es"},{"@type":"Organization","@id":"https:\/\/saltlakefurniture.com\/#organization","name":"Olympia Furniture | West Jordan","url":"https:\/\/saltlakefurniture.com\/","logo":{"@type":"ImageObject","inLanguage":"es","@id":"https:\/\/saltlakefurniture.com\/#\/schema\/logo\/image\/","url":"http:\/\/saltlakefurniture.com\/wp-content\/uploads\/2019\/03\/Olympia-Funiture-and-Mattress-logo-e1556236669250.jpg","contentUrl":"http:\/\/saltlakefurniture.com\/wp-content\/uploads\/2019\/03\/Olympia-Funiture-and-Mattress-logo-e1556236669250.jpg","width":300,"height":115,"caption":"Olympia Furniture | West Jordan"},"image":{"@id":"https:\/\/saltlakefurniture.com\/#\/schema\/logo\/image\/"},"sameAs":["https:\/\/www.facebook.com\/olympiafurniturewj\/","https:\/\/www.pinterest.com\/olympiafurniture\/"]}]}},"_links":{"self":[{"href":"https:\/\/saltlakefurniture.com\/es\/wp-json\/wp\/v2\/pages\/576","targetHints":{"allow":["GET"]}}],"collection":[{"href":"https:\/\/saltlakefurniture.com\/es\/wp-json\/wp\/v2\/pages"}],"about":[{"href":"https:\/\/saltlakefurniture.com\/es\/wp-json\/wp\/v2\/types\/page"}],"author":[{"embeddable":true,"href":"https:\/\/saltlakefurniture.com\/es\/wp-json\/wp\/v2\/users\/1"}],"replies":[{"embeddable":true,"href":"https:\/\/saltlakefurniture.com\/es\/wp-json\/wp\/v2\/comments?post=576"}],"version-history":[{"count":7,"href":"https:\/\/saltlakefurniture.com\/es\/wp-json\/wp\/v2\/pages\/576\/revisions"}],"predecessor-version":[{"id":912,"href":"https:\/\/saltlakefurniture.com\/es\/wp-json\/wp\/v2\/pages\/576\/revisions\/912"}],"wp:attachment":[{"href":"https:\/\/saltlakefurniture.com\/es\/wp-json\/wp\/v2\/media?parent=576"}],"curies":[{"name":"wp","href":"https:\/\/api.w.org\/{rel}","templated":true}]}}