{"id":569,"date":"2019-03-15T19:02:50","date_gmt":"2019-03-15T19:02:50","guid":{"rendered":"http:\/\/saltlakefurniture.com\/?page_id=569"},"modified":"2020-02-11T16:48:04","modified_gmt":"2020-02-11T16:48:04","slug":"dining-room-and-kitchen","status":"publish","type":"page","link":"https:\/\/saltlakefurniture.com\/es\/dining-room-and-kitchen\/","title":{"rendered":"Muebles de comedor y cocina - Salt Lake"},"content":{"rendered":"<img loading=\"lazy\" decoding=\"async\" src=\"http:\/\/saltlakefurniture.com\/wp-content\/uploads\/2020\/02\/Black-Leather-dark-wood-Dining-Room-Set-Olympia-Furniture-West-Valley.jpg\" alt=\"Black Leather dark wood Dining Room Set; Olympia Furniture West Valley\" itemprop=\"image\" height=\"300\" width=\"600\" title=\"Juego de comedor de cuero negro de madera oscura; Olympia Furniture West Valley\" onerror=\"this.style.display='none'\"  \/>\n<h1>\n\t\tComedor y cocina\n\t<\/h1>\n<h2>\n\t\tTienda #1 de West Valley y Salt Lake para mesas de cocina, sillas de cocina y muebles de comedor\n\t<\/h2>\n\t\t\t<a href=\"http:\/\/saltlakefurniture.com\/es\/contact\/\" target=\"_self\" role=\"button\" rel=\"noopener noreferrer\">\n\t\t\t\t\t\t\tVisita nuestra tienda\n\t\t\t\t\t<\/a>\n\t\t\t<a href=\"https:\/\/olympiafurnitureonline.com\/category\/dining-room\" target=\"_self\" role=\"button\" rel=\"nofollow noopener noreferrer\">\n\t\t\t\t\t\t\tCompre nuestra GRAN selecci\u00f3n\n\t\t\t\t\t<\/a>\n\t<p>Reunimos familias en West Valley y Salt Lake. Quiz\u00e1s no haya otro lugar en el hogar donde se hagan m\u00e1s recuerdos que alrededor de la mesa de la cocina con la familia y alrededor de la mesa del comedor con amigos. Probablemente recuerdes la mesa de la cocina con la que creciste con tus padres y hermanos y puedes recordar docenas de buenos recuerdos en este momento. Qu\u00e9 mejor lugar para estar que sentarse con su familia en una nueva cocina o mesa de comedor, con sillas nuevas.<\/p>\n<p>&nbsp;<\/p>\n<p>Cree un ambiente formal o informal dentro y fuera donde sus amigos y amigos de los ni\u00f1os elegir\u00e1n reunirse. Haga m\u00e1s comidas caseras y ahorre el dinero que habr\u00eda gastado saliendo, y en su lugar complete su estilo comprando un buffet o aparador en el interior o al aire libre, y tendr\u00e1 todo lo que necesita para disfrutar de horas de cenas en casa. Las comidas caseras son mejores de todos modos.<\/p>\n\t<ul>\n\t\t\t<li>\n\t\t\t\t<h3> Vivir en West Valley o Salt Lake?<\/h3>Entrega gratuita dentro de las 10 millas: de 10 a.m. a 10 p.m.\n\t\t\t<\/li>\n\t\t<\/ul>\n\t\t\t\t<img loading=\"lazy\" decoding=\"async\" src=\"http:\/\/saltlakefurniture.com\/wp-content\/uploads\/2020\/02\/Outdoor-bar-high-table-Olympia-Furniture-Kearns.jpg\" alt=\"Grey Outdoor bar height table with bar stools wicker - Olympia Furniture West Valley\" itemprop=\"image\" height=\"427\" width=\"600\" title=\"Bar al aire libre - mesa alta - Olympia Furniture Kearns\" onerror=\"this.style.display='none'\"  \/>\n<h2>\n\t\t<strong>Miles de art\u00edculos: superaremos los precios de Ashley Furniture, Aaron&#039;s Furniture y Latino Furniture.<\/strong>\n\t<\/h2>\n\t<p>Nuestra tienda de muebles de Salt Lake es el proveedor #1 de muebles de cocina y comedor para las comunidades latinas y africanas en Salt Lake y West Valley.<\/p>\n\t<p><strong>Olympia Furniture (Tienda Salt Lake)<\/strong><\/p>\n7019 South Redwood Road<br \/>\nWest Jordan, UT 84084\n<p><a href=\"tel:+18016959555\"> (801) 695-9555<\/a><\/p>\n\t<p><strong>Vis\u00edtanos<\/strong><\/p>\nLunes a s\u00e1bado: 10 a. M. - 7:30 p. M.<br \/>\nDomingo: 11 a. M. - 5 p. M.\n<p>Hablamos Espnaol - Muebles y Colchones<\/p>\n\t<iframe src=\"https:\/\/www.google.com\/maps\/embed\/v1\/place?q=Olympia+Furniture+%28Salt+Lake+Store%29+1842+S+Redwood+Rd%2C+Salt+Lake+City%2C+UT+84104%0A&#038;key=AIzaSyD09zQ9PNDNNy9TadMuzRV_UsPUoWKntt8\" aria-hidden=\"true\"><\/iframe>","protected":false},"excerpt":{"rendered":"<p>Comedor y cocina Tienda #1 de West Valley y Salt Lake para mesas de cocina, sillas de cocina y muebles de comedor Visite nuestra tienda Compre Nuestra GRAN selecci\u00f3n Reunimos a las familias de West Valley y Salt Lake. Quiz\u00e1s no haya otro lugar en el hogar donde se hagan m\u00e1s recuerdos que alrededor de la cocina ...<\/p>","protected":false},"author":1,"featured_media":0,"parent":0,"menu_order":0,"comment_status":"closed","ping_status":"closed","template":"","meta":{"footnotes":""},"class_list":["post-569","page","type-page","status-publish","hentry"],"yoast_head":"<!-- This site is optimized with the Yoast SEO plugin v27.3 - https:\/\/yoast.com\/product\/yoast-seo-wordpress\/ -->\n<title>Dining Room and Kitchen Furniture - Salt Lake - Best Prices &amp; Selection - Furniture &amp; Mattresses | Olympia Furniture<\/title>\n<meta name=\"robots\" content=\"index, follow, max-snippet:-1, max-image-preview:large, max-video-preview:-1\" \/>\n<link rel=\"canonical\" href=\"https:\/\/saltlakefurniture.com\/es\/dining-room-and-kitchen\/\" \/>\n<meta property=\"og:locale\" content=\"es_MX\" \/>\n<meta property=\"og:type\" content=\"article\" \/>\n<meta property=\"og:title\" content=\"Dining Room and Kitchen Furniture - Salt Lake - Best Prices &amp; Selection - Furniture &amp; Mattresses | Olympia Furniture\" \/>\n<meta property=\"og:description\" content=\"Dining Room and Kitchen West Valley and Salt Lake&#8217;s #1 Store for Kitchen Tables, Kitchen Chairs and Dining Room Furniture Visit Our Store Shop Our BIG Selection We bring families in West Valley and Salt Lake together.\u00a0 There is perhaps no other place in the home where more memories are made than around the kitchen&hellip;\" \/>\n<meta property=\"og:url\" content=\"https:\/\/saltlakefurniture.com\/es\/dining-room-and-kitchen\/\" \/>\n<meta property=\"og:site_name\" content=\"Best Prices &amp; Selection - Furniture &amp; Mattresses | Olympia Furniture\" \/>\n<meta property=\"article:publisher\" content=\"https:\/\/www.facebook.com\/olympiafurniturewj\/\" \/>\n<meta property=\"article:modified_time\" content=\"2020-02-11T16:48:04+00:00\" \/>\n<meta property=\"og:image\" content=\"http:\/\/saltlakefurniture.com\/wp-content\/uploads\/2020\/02\/Black-Leather-dark-wood-Dining-Room-Set-Olympia-Furniture-West-Valley.jpg\" \/>\n<meta name=\"twitter:card\" content=\"summary_large_image\" \/>\n<meta name=\"twitter:label1\" content=\"Tiempo de lectura\" \/>\n\t<meta name=\"twitter:data1\" content=\"1 minuto\" \/>\n<script type=\"application\/ld+json\" class=\"yoast-schema-graph\">{\"@context\":\"https:\\\/\\\/schema.org\",\"@graph\":[{\"@type\":\"WebPage\",\"@id\":\"https:\\\/\\\/saltlakefurniture.com\\\/dining-room-and-kitchen\\\/\",\"url\":\"https:\\\/\\\/saltlakefurniture.com\\\/dining-room-and-kitchen\\\/\",\"name\":\"Dining Room and Kitchen Furniture - Salt Lake - Best Prices &amp; Selection - Furniture &amp; Mattresses | Olympia Furniture\",\"isPartOf\":{\"@id\":\"https:\\\/\\\/saltlakefurniture.com\\\/#website\"},\"primaryImageOfPage\":{\"@id\":\"https:\\\/\\\/saltlakefurniture.com\\\/dining-room-and-kitchen\\\/#primaryimage\"},\"image\":{\"@id\":\"https:\\\/\\\/saltlakefurniture.com\\\/dining-room-and-kitchen\\\/#primaryimage\"},\"thumbnailUrl\":\"http:\\\/\\\/saltlakefurniture.com\\\/wp-content\\\/uploads\\\/2020\\\/02\\\/Black-Leather-dark-wood-Dining-Room-Set-Olympia-Furniture-West-Valley.jpg\",\"datePublished\":\"2019-03-15T19:02:50+00:00\",\"dateModified\":\"2020-02-11T16:48:04+00:00\",\"breadcrumb\":{\"@id\":\"https:\\\/\\\/saltlakefurniture.com\\\/dining-room-and-kitchen\\\/#breadcrumb\"},\"inLanguage\":\"es\",\"potentialAction\":[{\"@type\":\"ReadAction\",\"target\":[\"https:\\\/\\\/saltlakefurniture.com\\\/dining-room-and-kitchen\\\/\"]}]},{\"@type\":\"ImageObject\",\"inLanguage\":\"es\",\"@id\":\"https:\\\/\\\/saltlakefurniture.com\\\/dining-room-and-kitchen\\\/#primaryimage\",\"url\":\"http:\\\/\\\/saltlakefurniture.com\\\/wp-content\\\/uploads\\\/2020\\\/02\\\/Black-Leather-dark-wood-Dining-Room-Set-Olympia-Furniture-West-Valley.jpg\",\"contentUrl\":\"http:\\\/\\\/saltlakefurniture.com\\\/wp-content\\\/uploads\\\/2020\\\/02\\\/Black-Leather-dark-wood-Dining-Room-Set-Olympia-Furniture-West-Valley.jpg\"},{\"@type\":\"BreadcrumbList\",\"@id\":\"https:\\\/\\\/saltlakefurniture.com\\\/dining-room-and-kitchen\\\/#breadcrumb\",\"itemListElement\":[{\"@type\":\"ListItem\",\"position\":1,\"name\":\"Home\",\"item\":\"https:\\\/\\\/saltlakefurniture.com\\\/\"},{\"@type\":\"ListItem\",\"position\":2,\"name\":\"Dining Room and Kitchen Furniture &#8211; Salt Lake\"}]},{\"@type\":\"WebSite\",\"@id\":\"https:\\\/\\\/saltlakefurniture.com\\\/#website\",\"url\":\"https:\\\/\\\/saltlakefurniture.com\\\/\",\"name\":\"Best Prices &amp; Selection - Furniture &amp; Mattresses | Olympia Furniture\",\"description\":\"Fast &amp; Easy Furniture Shopping Experience with Your Personal Furniture Consultant\",\"publisher\":{\"@id\":\"https:\\\/\\\/saltlakefurniture.com\\\/#organization\"},\"potentialAction\":[{\"@type\":\"SearchAction\",\"target\":{\"@type\":\"EntryPoint\",\"urlTemplate\":\"https:\\\/\\\/saltlakefurniture.com\\\/?s={search_term_string}\"},\"query-input\":{\"@type\":\"PropertyValueSpecification\",\"valueRequired\":true,\"valueName\":\"search_term_string\"}}],\"inLanguage\":\"es\"},{\"@type\":\"Organization\",\"@id\":\"https:\\\/\\\/saltlakefurniture.com\\\/#organization\",\"name\":\"Olympia Furniture | West Jordan\",\"url\":\"https:\\\/\\\/saltlakefurniture.com\\\/\",\"logo\":{\"@type\":\"ImageObject\",\"inLanguage\":\"es\",\"@id\":\"https:\\\/\\\/saltlakefurniture.com\\\/#\\\/schema\\\/logo\\\/image\\\/\",\"url\":\"http:\\\/\\\/saltlakefurniture.com\\\/wp-content\\\/uploads\\\/2019\\\/03\\\/Olympia-Funiture-and-Mattress-logo-e1556236669250.jpg\",\"contentUrl\":\"http:\\\/\\\/saltlakefurniture.com\\\/wp-content\\\/uploads\\\/2019\\\/03\\\/Olympia-Funiture-and-Mattress-logo-e1556236669250.jpg\",\"width\":300,\"height\":115,\"caption\":\"Olympia Furniture | West Jordan\"},\"image\":{\"@id\":\"https:\\\/\\\/saltlakefurniture.com\\\/#\\\/schema\\\/logo\\\/image\\\/\"},\"sameAs\":[\"https:\\\/\\\/www.facebook.com\\\/olympiafurniturewj\\\/\",\"https:\\\/\\\/www.pinterest.com\\\/olympiafurniture\\\/\"]}]}<\/script>\n<!-- \/ Yoast SEO plugin. -->","yoast_head_json":{"title":"Dining Room and Kitchen Furniture - Salt Lake - Best Prices &amp; Selection - Furniture &amp; Mattresses | Olympia Furniture","robots":{"index":"index","follow":"follow","max-snippet":"max-snippet:-1","max-image-preview":"max-image-preview:large","max-video-preview":"max-video-preview:-1"},"canonical":"https:\/\/saltlakefurniture.com\/es\/dining-room-and-kitchen\/","og_locale":"es_MX","og_type":"article","og_title":"Dining Room and Kitchen Furniture - Salt Lake - Best Prices &amp; Selection - Furniture &amp; Mattresses | Olympia Furniture","og_description":"Dining Room and Kitchen West Valley and Salt Lake&#8217;s #1 Store for Kitchen Tables, Kitchen Chairs and Dining Room Furniture Visit Our Store Shop Our BIG Selection We bring families in West Valley and Salt Lake together.\u00a0 There is perhaps no other place in the home where more memories are made than around the kitchen&hellip;","og_url":"https:\/\/saltlakefurniture.com\/es\/dining-room-and-kitchen\/","og_site_name":"Best Prices &amp; Selection - Furniture &amp; Mattresses | Olympia Furniture","article_publisher":"https:\/\/www.facebook.com\/olympiafurniturewj\/","article_modified_time":"2020-02-11T16:48:04+00:00","og_image":[{"url":"http:\/\/saltlakefurniture.com\/wp-content\/uploads\/2020\/02\/Black-Leather-dark-wood-Dining-Room-Set-Olympia-Furniture-West-Valley.jpg","type":"","width":"","height":""}],"twitter_card":"summary_large_image","twitter_misc":{"Tiempo de lectura":"1 minuto"},"schema":{"@context":"https:\/\/schema.org","@graph":[{"@type":"WebPage","@id":"https:\/\/saltlakefurniture.com\/dining-room-and-kitchen\/","url":"https:\/\/saltlakefurniture.com\/dining-room-and-kitchen\/","name":"Dining Room and Kitchen Furniture - Salt Lake - Best Prices &amp; Selection - Furniture &amp; Mattresses | Olympia Furniture","isPartOf":{"@id":"https:\/\/saltlakefurniture.com\/#website"},"primaryImageOfPage":{"@id":"https:\/\/saltlakefurniture.com\/dining-room-and-kitchen\/#primaryimage"},"image":{"@id":"https:\/\/saltlakefurniture.com\/dining-room-and-kitchen\/#primaryimage"},"thumbnailUrl":"http:\/\/saltlakefurniture.com\/wp-content\/uploads\/2020\/02\/Black-Leather-dark-wood-Dining-Room-Set-Olympia-Furniture-West-Valley.jpg","datePublished":"2019-03-15T19:02:50+00:00","dateModified":"2020-02-11T16:48:04+00:00","breadcrumb":{"@id":"https:\/\/saltlakefurniture.com\/dining-room-and-kitchen\/#breadcrumb"},"inLanguage":"es","potentialAction":[{"@type":"ReadAction","target":["https:\/\/saltlakefurniture.com\/dining-room-and-kitchen\/"]}]},{"@type":"ImageObject","inLanguage":"es","@id":"https:\/\/saltlakefurniture.com\/dining-room-and-kitchen\/#primaryimage","url":"http:\/\/saltlakefurniture.com\/wp-content\/uploads\/2020\/02\/Black-Leather-dark-wood-Dining-Room-Set-Olympia-Furniture-West-Valley.jpg","contentUrl":"http:\/\/saltlakefurniture.com\/wp-content\/uploads\/2020\/02\/Black-Leather-dark-wood-Dining-Room-Set-Olympia-Furniture-West-Valley.jpg"},{"@type":"BreadcrumbList","@id":"https:\/\/saltlakefurniture.com\/dining-room-and-kitchen\/#breadcrumb","itemListElement":[{"@type":"ListItem","position":1,"name":"Home","item":"https:\/\/saltlakefurniture.com\/"},{"@type":"ListItem","position":2,"name":"Dining Room and Kitchen Furniture &#8211; Salt Lake"}]},{"@type":"WebSite","@id":"https:\/\/saltlakefurniture.com\/#website","url":"https:\/\/saltlakefurniture.com\/","name":"Mejores precios y selecci\u00f3n - Muebles y colchones | Muebles Olympia","description":"Fast &amp; Easy Furniture Shopping Experience with Your Personal Furniture Consultant","publisher":{"@id":"https:\/\/saltlakefurniture.com\/#organization"},"potentialAction":[{"@type":"SearchAction","target":{"@type":"EntryPoint","urlTemplate":"https:\/\/saltlakefurniture.com\/?s={search_term_string}"},"query-input":{"@type":"PropertyValueSpecification","valueRequired":true,"valueName":"search_term_string"}}],"inLanguage":"es"},{"@type":"Organization","@id":"https:\/\/saltlakefurniture.com\/#organization","name":"Olympia Furniture | West Jordan","url":"https:\/\/saltlakefurniture.com\/","logo":{"@type":"ImageObject","inLanguage":"es","@id":"https:\/\/saltlakefurniture.com\/#\/schema\/logo\/image\/","url":"http:\/\/saltlakefurniture.com\/wp-content\/uploads\/2019\/03\/Olympia-Funiture-and-Mattress-logo-e1556236669250.jpg","contentUrl":"http:\/\/saltlakefurniture.com\/wp-content\/uploads\/2019\/03\/Olympia-Funiture-and-Mattress-logo-e1556236669250.jpg","width":300,"height":115,"caption":"Olympia Furniture | West Jordan"},"image":{"@id":"https:\/\/saltlakefurniture.com\/#\/schema\/logo\/image\/"},"sameAs":["https:\/\/www.facebook.com\/olympiafurniturewj\/","https:\/\/www.pinterest.com\/olympiafurniture\/"]}]}},"_links":{"self":[{"href":"https:\/\/saltlakefurniture.com\/es\/wp-json\/wp\/v2\/pages\/569","targetHints":{"allow":["GET"]}}],"collection":[{"href":"https:\/\/saltlakefurniture.com\/es\/wp-json\/wp\/v2\/pages"}],"about":[{"href":"https:\/\/saltlakefurniture.com\/es\/wp-json\/wp\/v2\/types\/page"}],"author":[{"embeddable":true,"href":"https:\/\/saltlakefurniture.com\/es\/wp-json\/wp\/v2\/users\/1"}],"replies":[{"embeddable":true,"href":"https:\/\/saltlakefurniture.com\/es\/wp-json\/wp\/v2\/comments?post=569"}],"version-history":[{"count":9,"href":"https:\/\/saltlakefurniture.com\/es\/wp-json\/wp\/v2\/pages\/569\/revisions"}],"predecessor-version":[{"id":913,"href":"https:\/\/saltlakefurniture.com\/es\/wp-json\/wp\/v2\/pages\/569\/revisions\/913"}],"wp:attachment":[{"href":"https:\/\/saltlakefurniture.com\/es\/wp-json\/wp\/v2\/media?parent=569"}],"curies":[{"name":"wp","href":"https:\/\/api.w.org\/{rel}","templated":true}]}}