{"id":543,"date":"2019-03-15T18:21:52","date_gmt":"2019-03-15T18:21:52","guid":{"rendered":"http:\/\/saltlakefurniture.com\/?page_id=543"},"modified":"2020-02-11T16:47:11","modified_gmt":"2020-02-11T16:47:11","slug":"living-room","status":"publish","type":"page","link":"https:\/\/saltlakefurniture.com\/es\/living-room\/","title":{"rendered":"Sala de estar - Salt Lake"},"content":{"rendered":"<img loading=\"lazy\" decoding=\"async\" src=\"http:\/\/saltlakefurniture.com\/wp-content\/uploads\/2019\/03\/Yellow-Sofa-Living-Room-Olympia-West-Jordan.png\" alt=\"Yellow Sofa Living Room - Olympia West Jordan\" itemprop=\"image\" height=\"645\" width=\"957\" title=\"Sala de estar del sof\u00e1 amarillo - Olympia West Jordan\" onerror=\"this.style.display='none'\"  \/>\n<h1>\n\t\tMueble del sal\u00f3n\n\t<\/h1>\n<h2>\n\t\tVisite nuestra tienda en Redwood Road en Salt Lake, cerca de West Valley\n\t<\/h2>\n\t\t\t<a href=\"http:\/\/saltlakefurniture.com\/es\/contact\/\" target=\"_self\" role=\"button\" rel=\"noopener noreferrer\">\n\t\t\t\t\t\t\tVisita nuestra tienda\n\t\t\t\t\t<\/a>\n\t\t\t<a href=\"https:\/\/olympiafurnitureonline.com\/category\/living-room\" target=\"_self\" role=\"button\" rel=\"nofollow noopener noreferrer\">\n\t\t\t\t\t\t\tCompre nuestra GRAN selecci\u00f3n\n\t\t\t\t\t<\/a>\n\t<p>Decenas de miles de art\u00edculos de muebles para la sala de estar para elegir en nuestras m\u00faltiples tiendas y cat\u00e1logos. Cuando la familia, los invitados y los amigos lo visiten en su hogar, perm\u00edtales sentir el estilo y la personalidad de su hogar de inmediato cuando entren a su casa y vean su sala de estar, creando un ambiente acogedor.<\/p>\n<p>&nbsp;<\/p>\n<p>Ya sea que est\u00e9 buscando comprar un sof\u00e1, una mesa de caf\u00e9 o esa silla decorativa, en Olympia Furniture, seguramente encontrar\u00e1 su estilo, a un precio asequible.<\/p>\n\t<ul>\n\t\t\t<li>\n\t\t\t\t<h3> Vivir en West Valley o Salt Lake?<\/h3>Entrega gratuita dentro de las 10 millas: de 10 a.m. a 10 p.m.\n\t\t\t<\/li>\n\t\t<\/ul>\n\t\t\t\t<img loading=\"lazy\" decoding=\"async\" src=\"http:\/\/saltlakefurniture.com\/wp-content\/uploads\/2019\/03\/Modern-Couch-Olympia-Furniture-South-Jordan.png\" alt=\"Modern Couch - Olympia Furniture - South Jordan\" itemprop=\"image\" height=\"674\" width=\"953\" title=\"Sof\u00e1 moderno - Olympia Furniture - South Jordan\" onerror=\"this.style.display='none'\"  \/>\n<h2>\n\t\t<strong>Igualamos o superamos los precios de Elektra Furniture, Aaron&#039;s Furniture y Latino Furniture.<\/strong>\n\t<\/h2>\n\t<p>Vis\u00edtenos para ver nuestros precios y sepa por qu\u00e9 nuestra tienda de muebles de Salt Lake es el proveedor #1 de muebles para la sala de estar para la comunidad latina y de refugiados en Salt Lake.<\/p>\n\t<p><strong>Olympia Furniture (Tienda Salt Lake)<\/strong><\/p>\n7019 South Redwood Road<br \/>\nWest Jordan, UT 84084\n<p><a href=\"tel:+18016959555\"> (801) 695-9555<\/a><\/p>\n\t<p><strong>Vis\u00edtanos<\/strong><\/p>\nLunes a s\u00e1bado: 10 a. M. - 7:30 p. M.<br \/>\nDomingo: 11 a. M. - 5 p. M.\n<p>Hablamos Espnaol - Muebles y Colchones<\/p>\n\t<iframe src=\"https:\/\/www.google.com\/maps\/embed\/v1\/place?q=Olympia+Furniture+%28Salt+Lake+Store%29+1842+S+Redwood+Rd%2C+Salt+Lake+City%2C+UT+84104%0A&#038;key=AIzaSyD09zQ9PNDNNy9TadMuzRV_UsPUoWKntt8\" aria-hidden=\"true\"><\/iframe>","protected":false},"excerpt":{"rendered":"<p>Muebles de sala Visite nuestra tienda en Redwood Road en Salt Lake, cerca de West Valley Visite nuestra tienda Compre nuestra GRAN selecci\u00f3n Decenas de miles de art\u00edculos de muebles de sala para elegir en nuestras m\u00faltiples tiendas y cat\u00e1logos. tu hogar, d\u00e9jalos sentir el estilo y la personalidad ...<\/p>","protected":false},"author":1,"featured_media":0,"parent":0,"menu_order":0,"comment_status":"closed","ping_status":"closed","template":"","meta":{"footnotes":""},"class_list":["post-543","page","type-page","status-publish","hentry"],"yoast_head":"<!-- This site is optimized with the Yoast SEO plugin v27.3 - https:\/\/yoast.com\/product\/yoast-seo-wordpress\/ -->\n<title>Living Room - Salt Lake - Best Prices &amp; Selection - Furniture &amp; Mattresses | Olympia Furniture<\/title>\n<meta name=\"robots\" content=\"index, follow, max-snippet:-1, max-image-preview:large, max-video-preview:-1\" \/>\n<link rel=\"canonical\" href=\"https:\/\/saltlakefurniture.com\/es\/living-room\/\" \/>\n<meta property=\"og:locale\" content=\"es_MX\" \/>\n<meta property=\"og:type\" content=\"article\" \/>\n<meta property=\"og:title\" content=\"Living Room - Salt Lake - Best Prices &amp; Selection - Furniture &amp; Mattresses | Olympia Furniture\" \/>\n<meta property=\"og:description\" content=\"Living Room Furniture Visit Our Store on Redwood Road in Salt Lake, near West Valley Visit Our Store Shop Our BIG Selection Tens of thousands of Living room furniture items to choose from in our multiple stores and catalogs.When family, guests and friends visit you in your home, let them feel the style and personality&hellip;\" \/>\n<meta property=\"og:url\" content=\"https:\/\/saltlakefurniture.com\/es\/living-room\/\" \/>\n<meta property=\"og:site_name\" content=\"Best Prices &amp; Selection - Furniture &amp; Mattresses | Olympia Furniture\" \/>\n<meta property=\"article:publisher\" content=\"https:\/\/www.facebook.com\/olympiafurniturewj\/\" \/>\n<meta property=\"article:modified_time\" content=\"2020-02-11T16:47:11+00:00\" \/>\n<meta property=\"og:image\" content=\"http:\/\/saltlakefurniture.com\/wp-content\/uploads\/2019\/03\/Yellow-Sofa-Living-Room-Olympia-West-Jordan.png\" \/>\n<meta name=\"twitter:card\" content=\"summary_large_image\" \/>\n<meta name=\"twitter:label1\" content=\"Tiempo de lectura\" \/>\n\t<meta name=\"twitter:data1\" content=\"1 minuto\" \/>\n<script type=\"application\/ld+json\" class=\"yoast-schema-graph\">{\"@context\":\"https:\\\/\\\/schema.org\",\"@graph\":[{\"@type\":\"WebPage\",\"@id\":\"https:\\\/\\\/saltlakefurniture.com\\\/living-room\\\/\",\"url\":\"https:\\\/\\\/saltlakefurniture.com\\\/living-room\\\/\",\"name\":\"Living Room - Salt Lake - Best Prices &amp; Selection - Furniture &amp; Mattresses | Olympia Furniture\",\"isPartOf\":{\"@id\":\"https:\\\/\\\/saltlakefurniture.com\\\/#website\"},\"primaryImageOfPage\":{\"@id\":\"https:\\\/\\\/saltlakefurniture.com\\\/living-room\\\/#primaryimage\"},\"image\":{\"@id\":\"https:\\\/\\\/saltlakefurniture.com\\\/living-room\\\/#primaryimage\"},\"thumbnailUrl\":\"http:\\\/\\\/saltlakefurniture.com\\\/wp-content\\\/uploads\\\/2019\\\/03\\\/Yellow-Sofa-Living-Room-Olympia-West-Jordan.png\",\"datePublished\":\"2019-03-15T18:21:52+00:00\",\"dateModified\":\"2020-02-11T16:47:11+00:00\",\"breadcrumb\":{\"@id\":\"https:\\\/\\\/saltlakefurniture.com\\\/living-room\\\/#breadcrumb\"},\"inLanguage\":\"es\",\"potentialAction\":[{\"@type\":\"ReadAction\",\"target\":[\"https:\\\/\\\/saltlakefurniture.com\\\/living-room\\\/\"]}]},{\"@type\":\"ImageObject\",\"inLanguage\":\"es\",\"@id\":\"https:\\\/\\\/saltlakefurniture.com\\\/living-room\\\/#primaryimage\",\"url\":\"http:\\\/\\\/saltlakefurniture.com\\\/wp-content\\\/uploads\\\/2019\\\/03\\\/Yellow-Sofa-Living-Room-Olympia-West-Jordan.png\",\"contentUrl\":\"http:\\\/\\\/saltlakefurniture.com\\\/wp-content\\\/uploads\\\/2019\\\/03\\\/Yellow-Sofa-Living-Room-Olympia-West-Jordan.png\"},{\"@type\":\"BreadcrumbList\",\"@id\":\"https:\\\/\\\/saltlakefurniture.com\\\/living-room\\\/#breadcrumb\",\"itemListElement\":[{\"@type\":\"ListItem\",\"position\":1,\"name\":\"Home\",\"item\":\"https:\\\/\\\/saltlakefurniture.com\\\/\"},{\"@type\":\"ListItem\",\"position\":2,\"name\":\"Living Room &#8211; Salt Lake\"}]},{\"@type\":\"WebSite\",\"@id\":\"https:\\\/\\\/saltlakefurniture.com\\\/#website\",\"url\":\"https:\\\/\\\/saltlakefurniture.com\\\/\",\"name\":\"Best Prices &amp; Selection - Furniture &amp; Mattresses | Olympia Furniture\",\"description\":\"Fast &amp; Easy Furniture Shopping Experience with Your Personal Furniture Consultant\",\"publisher\":{\"@id\":\"https:\\\/\\\/saltlakefurniture.com\\\/#organization\"},\"potentialAction\":[{\"@type\":\"SearchAction\",\"target\":{\"@type\":\"EntryPoint\",\"urlTemplate\":\"https:\\\/\\\/saltlakefurniture.com\\\/?s={search_term_string}\"},\"query-input\":{\"@type\":\"PropertyValueSpecification\",\"valueRequired\":true,\"valueName\":\"search_term_string\"}}],\"inLanguage\":\"es\"},{\"@type\":\"Organization\",\"@id\":\"https:\\\/\\\/saltlakefurniture.com\\\/#organization\",\"name\":\"Olympia Furniture | West Jordan\",\"url\":\"https:\\\/\\\/saltlakefurniture.com\\\/\",\"logo\":{\"@type\":\"ImageObject\",\"inLanguage\":\"es\",\"@id\":\"https:\\\/\\\/saltlakefurniture.com\\\/#\\\/schema\\\/logo\\\/image\\\/\",\"url\":\"http:\\\/\\\/saltlakefurniture.com\\\/wp-content\\\/uploads\\\/2019\\\/03\\\/Olympia-Funiture-and-Mattress-logo-e1556236669250.jpg\",\"contentUrl\":\"http:\\\/\\\/saltlakefurniture.com\\\/wp-content\\\/uploads\\\/2019\\\/03\\\/Olympia-Funiture-and-Mattress-logo-e1556236669250.jpg\",\"width\":300,\"height\":115,\"caption\":\"Olympia Furniture | West Jordan\"},\"image\":{\"@id\":\"https:\\\/\\\/saltlakefurniture.com\\\/#\\\/schema\\\/logo\\\/image\\\/\"},\"sameAs\":[\"https:\\\/\\\/www.facebook.com\\\/olympiafurniturewj\\\/\",\"https:\\\/\\\/www.pinterest.com\\\/olympiafurniture\\\/\"]}]}<\/script>\n<!-- \/ Yoast SEO plugin. -->","yoast_head_json":{"title":"Living Room - Salt Lake - Best Prices &amp; Selection - Furniture &amp; Mattresses | Olympia Furniture","robots":{"index":"index","follow":"follow","max-snippet":"max-snippet:-1","max-image-preview":"max-image-preview:large","max-video-preview":"max-video-preview:-1"},"canonical":"https:\/\/saltlakefurniture.com\/es\/living-room\/","og_locale":"es_MX","og_type":"article","og_title":"Living Room - Salt Lake - Best Prices &amp; Selection - Furniture &amp; Mattresses | Olympia Furniture","og_description":"Living Room Furniture Visit Our Store on Redwood Road in Salt Lake, near West Valley Visit Our Store Shop Our BIG Selection Tens of thousands of Living room furniture items to choose from in our multiple stores and catalogs.When family, guests and friends visit you in your home, let them feel the style and personality&hellip;","og_url":"https:\/\/saltlakefurniture.com\/es\/living-room\/","og_site_name":"Best Prices &amp; Selection - Furniture &amp; Mattresses | Olympia Furniture","article_publisher":"https:\/\/www.facebook.com\/olympiafurniturewj\/","article_modified_time":"2020-02-11T16:47:11+00:00","og_image":[{"url":"http:\/\/saltlakefurniture.com\/wp-content\/uploads\/2019\/03\/Yellow-Sofa-Living-Room-Olympia-West-Jordan.png","type":"","width":"","height":""}],"twitter_card":"summary_large_image","twitter_misc":{"Tiempo de lectura":"1 minuto"},"schema":{"@context":"https:\/\/schema.org","@graph":[{"@type":"WebPage","@id":"https:\/\/saltlakefurniture.com\/living-room\/","url":"https:\/\/saltlakefurniture.com\/living-room\/","name":"Living Room - Salt Lake - Best Prices &amp; Selection - Furniture &amp; Mattresses | Olympia Furniture","isPartOf":{"@id":"https:\/\/saltlakefurniture.com\/#website"},"primaryImageOfPage":{"@id":"https:\/\/saltlakefurniture.com\/living-room\/#primaryimage"},"image":{"@id":"https:\/\/saltlakefurniture.com\/living-room\/#primaryimage"},"thumbnailUrl":"http:\/\/saltlakefurniture.com\/wp-content\/uploads\/2019\/03\/Yellow-Sofa-Living-Room-Olympia-West-Jordan.png","datePublished":"2019-03-15T18:21:52+00:00","dateModified":"2020-02-11T16:47:11+00:00","breadcrumb":{"@id":"https:\/\/saltlakefurniture.com\/living-room\/#breadcrumb"},"inLanguage":"es","potentialAction":[{"@type":"ReadAction","target":["https:\/\/saltlakefurniture.com\/living-room\/"]}]},{"@type":"ImageObject","inLanguage":"es","@id":"https:\/\/saltlakefurniture.com\/living-room\/#primaryimage","url":"http:\/\/saltlakefurniture.com\/wp-content\/uploads\/2019\/03\/Yellow-Sofa-Living-Room-Olympia-West-Jordan.png","contentUrl":"http:\/\/saltlakefurniture.com\/wp-content\/uploads\/2019\/03\/Yellow-Sofa-Living-Room-Olympia-West-Jordan.png"},{"@type":"BreadcrumbList","@id":"https:\/\/saltlakefurniture.com\/living-room\/#breadcrumb","itemListElement":[{"@type":"ListItem","position":1,"name":"Home","item":"https:\/\/saltlakefurniture.com\/"},{"@type":"ListItem","position":2,"name":"Living Room &#8211; Salt Lake"}]},{"@type":"WebSite","@id":"https:\/\/saltlakefurniture.com\/#website","url":"https:\/\/saltlakefurniture.com\/","name":"Mejores precios y selecci\u00f3n - Muebles y colchones | Muebles Olympia","description":"Fast &amp; Easy Furniture Shopping Experience with Your Personal Furniture Consultant","publisher":{"@id":"https:\/\/saltlakefurniture.com\/#organization"},"potentialAction":[{"@type":"SearchAction","target":{"@type":"EntryPoint","urlTemplate":"https:\/\/saltlakefurniture.com\/?s={search_term_string}"},"query-input":{"@type":"PropertyValueSpecification","valueRequired":true,"valueName":"search_term_string"}}],"inLanguage":"es"},{"@type":"Organization","@id":"https:\/\/saltlakefurniture.com\/#organization","name":"Olympia Furniture | West Jordan","url":"https:\/\/saltlakefurniture.com\/","logo":{"@type":"ImageObject","inLanguage":"es","@id":"https:\/\/saltlakefurniture.com\/#\/schema\/logo\/image\/","url":"http:\/\/saltlakefurniture.com\/wp-content\/uploads\/2019\/03\/Olympia-Funiture-and-Mattress-logo-e1556236669250.jpg","contentUrl":"http:\/\/saltlakefurniture.com\/wp-content\/uploads\/2019\/03\/Olympia-Funiture-and-Mattress-logo-e1556236669250.jpg","width":300,"height":115,"caption":"Olympia Furniture | West Jordan"},"image":{"@id":"https:\/\/saltlakefurniture.com\/#\/schema\/logo\/image\/"},"sameAs":["https:\/\/www.facebook.com\/olympiafurniturewj\/","https:\/\/www.pinterest.com\/olympiafurniture\/"]}]}},"_links":{"self":[{"href":"https:\/\/saltlakefurniture.com\/es\/wp-json\/wp\/v2\/pages\/543","targetHints":{"allow":["GET"]}}],"collection":[{"href":"https:\/\/saltlakefurniture.com\/es\/wp-json\/wp\/v2\/pages"}],"about":[{"href":"https:\/\/saltlakefurniture.com\/es\/wp-json\/wp\/v2\/types\/page"}],"author":[{"embeddable":true,"href":"https:\/\/saltlakefurniture.com\/es\/wp-json\/wp\/v2\/users\/1"}],"replies":[{"embeddable":true,"href":"https:\/\/saltlakefurniture.com\/es\/wp-json\/wp\/v2\/comments?post=543"}],"version-history":[{"count":19,"href":"https:\/\/saltlakefurniture.com\/es\/wp-json\/wp\/v2\/pages\/543\/revisions"}],"predecessor-version":[{"id":909,"href":"https:\/\/saltlakefurniture.com\/es\/wp-json\/wp\/v2\/pages\/543\/revisions\/909"}],"wp:attachment":[{"href":"https:\/\/saltlakefurniture.com\/es\/wp-json\/wp\/v2\/media?parent=543"}],"curies":[{"name":"wp","href":"https:\/\/api.w.org\/{rel}","templated":true}]}}