{"id":535,"date":"2019-03-15T17:16:05","date_gmt":"2019-03-15T17:16:05","guid":{"rendered":"http:\/\/saltlakefurniture.com\/?page_id=535"},"modified":"2020-02-11T19:53:40","modified_gmt":"2020-02-11T19:53:40","slug":"name-brand-mattresses","status":"publish","type":"page","link":"https:\/\/saltlakefurniture.com\/es\/name-brand-mattresses\/","title":{"rendered":"Colchones de marca - Salt Lake"},"content":{"rendered":"<img loading=\"lazy\" decoding=\"async\" src=\"http:\/\/saltlakefurniture.com\/wp-content\/uploads\/2019\/03\/Mattress-Olympia-West-Jordan-e1552682493532.png\" alt=\"Mattress - Olympia West Jordan\" itemprop=\"image\" height=\"417\" width=\"954\" title=\"Colch\u00f3n - Olympia West Jordan\" onerror=\"this.style.display='none'\"  \/>\n<h2>\n\t\tColchones y armazones de cama de marca - Salt Lake y West Valley, UT\n\t<\/h2>\n\t\t\t<a href=\"http:\/\/saltlakefurniture.com\/es\/contact\/\" target=\"_self\" role=\"button\" rel=\"noopener noreferrer\">\n\t\t\t\t\t\t\tVisita nuestra tienda\n\t\t\t\t\t<\/a>\n\t\t\t<a href=\"https:\/\/olympiafurnitureonline.com\/category\/mattresses\" target=\"_self\" role=\"button\" rel=\"nofollow noopener noreferrer\">\n\t\t\t\t\t\t\tCompre nuestra GRAN selecci\u00f3n\n\t\t\t\t\t<\/a>\n\t<p>Contamos con m\u00e1s de treinta colchones diferentes, incluida la marca Furniture of America de calidad con su tecnolog\u00eda \u201cDreamax\u201d. Ya sea que necesite una cubierta de felpa nueva, un cubrecolch\u00f3n o cualquier otro elemento de colch\u00f3n que lo acompa\u00f1e, como bases de somier y armazones de cama de metal. Los tenemos todos para Colchones King, Colchones King California, Colchones Queen, Colchones Full y Colchones Twin.\u00a0<\/p>\n<p>&nbsp;<\/p>\n<p>Olympia Furniture es una ventanilla \u00fanica para lo que necesita para asegurarse de que tenga un sue\u00f1o reparador todas las noches.<\/p>\n\t<ul>\n\t\t\t<li>\n\t\t\t\t<h3> Vivir en West Valley o Salt Lake?<\/h3>Entrega gratuita dentro de las 10 millas: de 10 a.m. a 10 p.m.\n\t\t\t<\/li>\n\t\t<\/ul>\n\t\t\t\t<img loading=\"lazy\" decoding=\"async\" src=\"http:\/\/saltlakefurniture.com\/wp-content\/uploads\/2019\/03\/Adult-Twin-Scilia-Mattress-Taylorsville.jpg\" alt=\"Adult Twin Scilia Mattress - Taylorsville\" itemprop=\"image\" height=\"612\" width=\"867\" title=\"Colch\u00f3n Adulto Doble Scilia - Taylorsville\" onerror=\"this.style.display='none'\"  \/>\n<h2>\n\t\tFurniture of America - Colchones DreamMax\n\t<\/h2>\n<h3>\n\t\tColchones King\n\t<\/h3>\n\t\t\t\t<a href=\"https:\/\/olympiafurnitureonline.com\/category\/showsorted\/categoryid\/14\/subcategory\/57\" target=\"_self\" rel=\"nofollow noopener noreferrer\" itemprop=\"url\">\n\t\t\t\t<img loading=\"lazy\" decoding=\"async\" src=\"http:\/\/saltlakefurniture.com\/wp-content\/uploads\/2020\/02\/Salt-Lake-Furniture-King-Mattresses-Olympia-Furniture-Salt-Lake-Store.jpg\" alt=\"Salt Lake Furniture - King Mattresses; Olympia Furniture (Salt Lake Store)\" itemprop=\"image\" height=\"425\" width=\"600\" title=\"Muebles de Salt Lake - King Colchones; Olympia Furniture (Tienda Salt Lake)\" onerror=\"this.style.display='none'\"  \/>\n\t\t\t\t<\/a>\n<h3>\n\t\tColchones Queen\n\t<\/h3>\n\t\t\t\t<a href=\"https:\/\/olympiafurnitureonline.com\/category\/showsorted\/categoryid\/14\/subcategory\/55\" target=\"_self\" rel=\"nofollow noopener noreferrer\" itemprop=\"url\">\n\t\t\t\t<img loading=\"lazy\" decoding=\"async\" src=\"http:\/\/saltlakefurniture.com\/wp-content\/uploads\/2020\/02\/Salt-Lake-Furniture-Queen-Mattresses-Olympia-Furniture-Salt-Lake-Store.jpg\" alt=\"Salt Lake Furniture - Queen Mattresses; Olympia Furniture (Salt Lake Store)\" itemprop=\"image\" height=\"425\" width=\"600\" title=\"Muebles de Salt Lake - Colchones Queen; Olympia Furniture (Tienda Salt Lake)\" onerror=\"this.style.display='none'\"  \/>\n\t\t\t\t<\/a>\n<h3>\n\t\tColchones completos\n\t<\/h3>\n\t\t\t\t<a href=\"https:\/\/olympiafurnitureonline.com\/category\/showsorted\/categoryid\/14\/subcategory\/53\" target=\"_self\" rel=\"nofollow noopener noreferrer\" itemprop=\"url\">\n\t\t\t\t<img loading=\"lazy\" decoding=\"async\" src=\"http:\/\/saltlakefurniture.com\/wp-content\/uploads\/2020\/02\/Salt-Lake-Furniture-Full-Mattress-Olympia-Furniture-Salt-Lake-Store.jpg\" alt=\"Salt Lake Furniture - Full Mattress; Olympia Furniture (Salt Lake Store)\" itemprop=\"image\" height=\"425\" width=\"600\" title=\"Muebles de Salt Lake - Colch\u00f3n completo; Olympia Furniture (Tienda Salt Lake)\" onerror=\"this.style.display='none'\"  \/>\n\t\t\t\t<\/a>\n<h3>\n\t\tColchones gemelos\n\t<\/h3>\n\t\t\t\t<a href=\"https:\/\/olympiafurnitureonline.com\/category\/showsorted\/categoryid\/14\/subcategory\/49\" target=\"_self\" rel=\"nofollow noopener noreferrer\" itemprop=\"url\">\n\t\t\t\t<img loading=\"lazy\" decoding=\"async\" src=\"http:\/\/saltlakefurniture.com\/wp-content\/uploads\/2020\/02\/Salt-Lake-Furniture-Twin-Mattress-Olympia-Furniture-Salt-Lake-Store.jpg\" alt=\"Salt Lake Furniture - Twin Mattress; Olympia Furniture (Salt Lake Store)\" itemprop=\"image\" height=\"425\" width=\"600\" title=\"Muebles de Salt Lake - Colch\u00f3n doble; Olympia Furniture (Tienda Salt Lake)\" onerror=\"this.style.display='none'\"  \/>\n\t\t\t\t<\/a>\n<h2>\n\t\t<a href=\"http:\/\/saltlakefurniture.com\/es\/olympia-brand-mattresses\/\" title=\"Olympia Furniture Mattresses - Fabricado en Salt Lake City, UT\" target=\"_self\" rel=\"nofollow noopener noreferrer\">\n\t\tColchones Olympia Furniture - Fabricados en Salt Lake City, UT\n\t\t<\/a>\n\t<\/h2>\n<h2>\n\t\tFundas de colch\u00f3n, listones de madera y accesorios para cama de Salt Lake y West Valley\n\t<\/h2>\n<h3>\n\t\tListones de cama de madera\n\t<\/h3>\n\t\t\t\t<img loading=\"lazy\" decoding=\"async\" src=\"http:\/\/saltlakefurniture.com\/wp-content\/uploads\/2019\/03\/Queen-Bed-Natural-Wood-Bunkie-Board-West-Jordan-Murray.jpg\" alt=\"west jordan mattress base European\" itemprop=\"image\" height=\"599\" width=\"875\" title=\"Cama Queen Litera de madera natural - West Jordan - Murray\" onerror=\"this.style.display='none'\"  \/>\n<h3>\n\t\tToppers de colch\u00f3n\n\t<\/h3>\n\t\t\t\t<img loading=\"lazy\" decoding=\"async\" src=\"http:\/\/saltlakefurniture.com\/wp-content\/uploads\/2019\/03\/QueenTopper-Mattress-West-Jordan-Murray.jpg\" alt=\"QueenTopper Mattress - West Jordan - Murray\" itemprop=\"image\" height=\"609\" width=\"859\" title=\"Colch\u00f3n QueenTopper - West Jordan - Murray\" onerror=\"this.style.display='none'\"  \/>\n<h3>\n\t\tColchones de cuna\n\t<\/h3>\n\t\t\t\t<img loading=\"lazy\" decoding=\"async\" src=\"http:\/\/saltlakefurniture.com\/wp-content\/uploads\/2019\/03\/Kids-Twin-Mattress-Waterproof-South-Jordan.jpg\" alt=\"Kids Twin Mattress Waterproof - South Jordan\" itemprop=\"image\" height=\"615\" width=\"868\" title=\"Colch\u00f3n doble impermeable para ni\u00f1os - South Jordan\" onerror=\"this.style.display='none'\"  \/>\n<h3>\n\t\tColchones de espuma viscoel\u00e1stica\n\t<\/h3>\n\t\t\t\t<img loading=\"lazy\" decoding=\"async\" src=\"http:\/\/saltlakefurniture.com\/wp-content\/uploads\/2020\/02\/Foam-Mattress-in-Salt-Lake-City-Utah.jpg\" alt=\"Foam Mattress in Salt Lake City, Utah\" itemprop=\"image\" height=\"425\" width=\"600\" title=\"Colch\u00f3n de espuma en Salt Lake City, Utah\" onerror=\"this.style.display='none'\"  \/>\n<h2>\n\t\tVis\u00edtenos en nuestra tienda de Salt Lake para ver nuestros somieres ajustables para el dolor de espalda\n\t<\/h2>\n\t\t\t\t<img loading=\"lazy\" decoding=\"async\" src=\"http:\/\/saltlakefurniture.com\/wp-content\/uploads\/2020\/02\/Framos-Adjustable-King-Bed-Back-Pain-Elimination-Salt-Lake.jpg\" alt=\"Framos Adjustable King Bed Frame; Back Pain Elimination; Salt Lake\" itemprop=\"image\" height=\"425\" width=\"600\" title=\"Cama King ajustable de Framos - Eliminaci\u00f3n del dolor de espalda; Lago salado\" onerror=\"this.style.display='none'\"  \/>\n\t\t\t\t<img loading=\"lazy\" decoding=\"async\" src=\"http:\/\/saltlakefurniture.com\/wp-content\/uploads\/2019\/03\/Frame-Metal-Queen-Rail-with-Center-Support-West-Jordan-Taylorsville.jpg\" alt=\"Frame Metal Queen Rail with Center Support - West Jordan - Taylorsville\" itemprop=\"image\" height=\"589\" width=\"867\" title=\"Bastidor Queen Rail de metal con soporte central - West Jordan - Taylorsville\" onerror=\"this.style.display='none'\"  \/>\n\t\t\t<a href=\"http:\/\/saltlakefurniture.com\/es\/contact\/\" target=\"_self\" role=\"button\" rel=\"noopener noreferrer\">\n\t\t\t\t\t\t\tVisita nuestra tienda\n\t\t\t\t\t<\/a>\n\t\t\t<a href=\"https:\/\/olympiafurnitureonline.com\/category\/mattresses\" target=\"_self\" role=\"button\" rel=\"nofollow noopener noreferrer\">\n\t\t\t\t\t\t\tCompre nuestra GRAN selecci\u00f3n\n\t\t\t\t\t<\/a>\n\t<p><strong>Olympia Furniture (Tienda Salt Lake)<\/strong><\/p>\n7019 South Redwood Road<br \/>\nSalt Lake City, UT 84084\n<p><a href=\"tel:+18016959555\"> (801) 695-9555<\/a><\/p>\n\t<p><strong>Vis\u00edtanos<\/strong><\/p>\nLunes a s\u00e1bado: 10 a. M. - 7:30 p. M.<br \/>\nDomingo: 11 a. M. - 5 p. M.\n<p>Hablamos Espnaol - Muebles y Colchones<\/p>\n\t<iframe src=\"https:\/\/www.google.com\/maps\/embed\/v1\/place?q=Olympia+Furniture+%28Salt+Lake+Store%29+1842+S+Redwood+Rd%2C+Salt+Lake+City%2C+UT+84104%0A&#038;key=AIzaSyD09zQ9PNDNNy9TadMuzRV_UsPUoWKntt8\" aria-hidden=\"true\"><\/iframe>","protected":false},"excerpt":{"rendered":"<p>Colchones y armazones de cama de marca - Salt Lake y West Valley, UT Visite nuestra tienda Compre nuestra GRAN selecci\u00f3n Tenemos m\u00e1s de treinta colchones diferentes, incluida la marca Furniture of America de calidad con su tecnolog\u00eda \u201cDreamax\u201d. Ya sea que necesite una cubierta de felpa nueva, un cubrecolch\u00f3n o cualquier otro elemento de colch\u00f3n que lo acompa\u00f1e, como ...<\/p>","protected":false},"author":1,"featured_media":0,"parent":0,"menu_order":0,"comment_status":"closed","ping_status":"closed","template":"","meta":{"footnotes":""},"class_list":["post-535","page","type-page","status-publish","hentry"],"yoast_head":"<!-- This site is optimized with the Yoast SEO plugin v27.3 - https:\/\/yoast.com\/product\/yoast-seo-wordpress\/ -->\n<title>Name Brand Mattresses - Salt Lake - Best Prices &amp; Selection - Furniture &amp; Mattresses | Olympia Furniture<\/title>\n<meta name=\"robots\" content=\"index, follow, max-snippet:-1, max-image-preview:large, max-video-preview:-1\" \/>\n<link rel=\"canonical\" href=\"https:\/\/saltlakefurniture.com\/es\/name-brand-mattresses\/\" \/>\n<meta property=\"og:locale\" content=\"es_MX\" \/>\n<meta property=\"og:type\" content=\"article\" \/>\n<meta property=\"og:title\" content=\"Name Brand Mattresses - Salt Lake - Best Prices &amp; Selection - Furniture &amp; Mattresses | Olympia Furniture\" \/>\n<meta property=\"og:description\" content=\"Name Brand Mattresses &#038; Bed Frames &#8211; Salt Lake and West Valley, UT Visit Our Store Shop Our BIG Selection We carry over thirty different mattresses including the quality Furniture of America brand with their &#8220;Dreamax&#8221; technology.\u00a0 Whether you need a new plush top,\u00a0 a mattress topper, or any other accompanying mattress item, such as&hellip;\" \/>\n<meta property=\"og:url\" content=\"https:\/\/saltlakefurniture.com\/es\/name-brand-mattresses\/\" \/>\n<meta property=\"og:site_name\" content=\"Best Prices &amp; Selection - Furniture &amp; Mattresses | Olympia Furniture\" \/>\n<meta property=\"article:publisher\" content=\"https:\/\/www.facebook.com\/olympiafurniturewj\/\" \/>\n<meta property=\"article:modified_time\" content=\"2020-02-11T19:53:40+00:00\" \/>\n<meta property=\"og:image\" content=\"http:\/\/saltlakefurniture.com\/wp-content\/uploads\/2019\/03\/Mattress-Olympia-West-Jordan-e1552682493532.png\" \/>\n<meta name=\"twitter:card\" content=\"summary_large_image\" \/>\n<meta name=\"twitter:label1\" content=\"Tiempo de lectura\" \/>\n\t<meta name=\"twitter:data1\" content=\"1 minuto\" \/>\n<script type=\"application\/ld+json\" class=\"yoast-schema-graph\">{\"@context\":\"https:\\\/\\\/schema.org\",\"@graph\":[{\"@type\":\"WebPage\",\"@id\":\"https:\\\/\\\/saltlakefurniture.com\\\/es\\\/name-brand-mattresses\\\/\",\"url\":\"https:\\\/\\\/saltlakefurniture.com\\\/es\\\/name-brand-mattresses\\\/\",\"name\":\"Name Brand Mattresses - Salt Lake - Best Prices &amp; Selection - Furniture &amp; Mattresses | Olympia Furniture\",\"isPartOf\":{\"@id\":\"https:\\\/\\\/saltlakefurniture.com\\\/#website\"},\"primaryImageOfPage\":{\"@id\":\"https:\\\/\\\/saltlakefurniture.com\\\/es\\\/name-brand-mattresses\\\/#primaryimage\"},\"image\":{\"@id\":\"https:\\\/\\\/saltlakefurniture.com\\\/es\\\/name-brand-mattresses\\\/#primaryimage\"},\"thumbnailUrl\":\"http:\\\/\\\/saltlakefurniture.com\\\/wp-content\\\/uploads\\\/2019\\\/03\\\/Mattress-Olympia-West-Jordan-e1552682493532.png\",\"datePublished\":\"2019-03-15T17:16:05+00:00\",\"dateModified\":\"2020-02-11T19:53:40+00:00\",\"breadcrumb\":{\"@id\":\"https:\\\/\\\/saltlakefurniture.com\\\/es\\\/name-brand-mattresses\\\/#breadcrumb\"},\"inLanguage\":\"es\",\"potentialAction\":[{\"@type\":\"ReadAction\",\"target\":[\"https:\\\/\\\/saltlakefurniture.com\\\/es\\\/name-brand-mattresses\\\/\"]}]},{\"@type\":\"ImageObject\",\"inLanguage\":\"es\",\"@id\":\"https:\\\/\\\/saltlakefurniture.com\\\/es\\\/name-brand-mattresses\\\/#primaryimage\",\"url\":\"http:\\\/\\\/saltlakefurniture.com\\\/wp-content\\\/uploads\\\/2019\\\/03\\\/Mattress-Olympia-West-Jordan-e1552682493532.png\",\"contentUrl\":\"http:\\\/\\\/saltlakefurniture.com\\\/wp-content\\\/uploads\\\/2019\\\/03\\\/Mattress-Olympia-West-Jordan-e1552682493532.png\"},{\"@type\":\"BreadcrumbList\",\"@id\":\"https:\\\/\\\/saltlakefurniture.com\\\/es\\\/name-brand-mattresses\\\/#breadcrumb\",\"itemListElement\":[{\"@type\":\"ListItem\",\"position\":1,\"name\":\"Home\",\"item\":\"https:\\\/\\\/saltlakefurniture.com\\\/\"},{\"@type\":\"ListItem\",\"position\":2,\"name\":\"Name Brand Mattresses &#8211; Salt Lake\"}]},{\"@type\":\"WebSite\",\"@id\":\"https:\\\/\\\/saltlakefurniture.com\\\/#website\",\"url\":\"https:\\\/\\\/saltlakefurniture.com\\\/\",\"name\":\"Best Prices &amp; Selection - Furniture &amp; Mattresses | Olympia Furniture\",\"description\":\"Fast &amp; Easy Furniture Shopping Experience with Your Personal Furniture Consultant\",\"publisher\":{\"@id\":\"https:\\\/\\\/saltlakefurniture.com\\\/#organization\"},\"potentialAction\":[{\"@type\":\"SearchAction\",\"target\":{\"@type\":\"EntryPoint\",\"urlTemplate\":\"https:\\\/\\\/saltlakefurniture.com\\\/?s={search_term_string}\"},\"query-input\":{\"@type\":\"PropertyValueSpecification\",\"valueRequired\":true,\"valueName\":\"search_term_string\"}}],\"inLanguage\":\"es\"},{\"@type\":\"Organization\",\"@id\":\"https:\\\/\\\/saltlakefurniture.com\\\/#organization\",\"name\":\"Olympia Furniture | West Jordan\",\"url\":\"https:\\\/\\\/saltlakefurniture.com\\\/\",\"logo\":{\"@type\":\"ImageObject\",\"inLanguage\":\"es\",\"@id\":\"https:\\\/\\\/saltlakefurniture.com\\\/#\\\/schema\\\/logo\\\/image\\\/\",\"url\":\"http:\\\/\\\/saltlakefurniture.com\\\/wp-content\\\/uploads\\\/2019\\\/03\\\/Olympia-Funiture-and-Mattress-logo-e1556236669250.jpg\",\"contentUrl\":\"http:\\\/\\\/saltlakefurniture.com\\\/wp-content\\\/uploads\\\/2019\\\/03\\\/Olympia-Funiture-and-Mattress-logo-e1556236669250.jpg\",\"width\":300,\"height\":115,\"caption\":\"Olympia Furniture | West Jordan\"},\"image\":{\"@id\":\"https:\\\/\\\/saltlakefurniture.com\\\/#\\\/schema\\\/logo\\\/image\\\/\"},\"sameAs\":[\"https:\\\/\\\/www.facebook.com\\\/olympiafurniturewj\\\/\",\"https:\\\/\\\/www.pinterest.com\\\/olympiafurniture\\\/\"]}]}<\/script>\n<!-- \/ Yoast SEO plugin. -->","yoast_head_json":{"title":"Name Brand Mattresses - Salt Lake - Best Prices &amp; Selection - Furniture &amp; Mattresses | Olympia Furniture","robots":{"index":"index","follow":"follow","max-snippet":"max-snippet:-1","max-image-preview":"max-image-preview:large","max-video-preview":"max-video-preview:-1"},"canonical":"https:\/\/saltlakefurniture.com\/es\/name-brand-mattresses\/","og_locale":"es_MX","og_type":"article","og_title":"Name Brand Mattresses - Salt Lake - Best Prices &amp; Selection - Furniture &amp; Mattresses | Olympia Furniture","og_description":"Name Brand Mattresses &#038; Bed Frames &#8211; Salt Lake and West Valley, UT Visit Our Store Shop Our BIG Selection We carry over thirty different mattresses including the quality Furniture of America brand with their &#8220;Dreamax&#8221; technology.\u00a0 Whether you need a new plush top,\u00a0 a mattress topper, or any other accompanying mattress item, such as&hellip;","og_url":"https:\/\/saltlakefurniture.com\/es\/name-brand-mattresses\/","og_site_name":"Best Prices &amp; Selection - Furniture &amp; Mattresses | Olympia Furniture","article_publisher":"https:\/\/www.facebook.com\/olympiafurniturewj\/","article_modified_time":"2020-02-11T19:53:40+00:00","og_image":[{"url":"http:\/\/saltlakefurniture.com\/wp-content\/uploads\/2019\/03\/Mattress-Olympia-West-Jordan-e1552682493532.png","type":"","width":"","height":""}],"twitter_card":"summary_large_image","twitter_misc":{"Tiempo de lectura":"1 minuto"},"schema":{"@context":"https:\/\/schema.org","@graph":[{"@type":"WebPage","@id":"https:\/\/saltlakefurniture.com\/es\/name-brand-mattresses\/","url":"https:\/\/saltlakefurniture.com\/es\/name-brand-mattresses\/","name":"Name Brand Mattresses - Salt Lake - Best Prices &amp; Selection - Furniture &amp; Mattresses | Olympia Furniture","isPartOf":{"@id":"https:\/\/saltlakefurniture.com\/#website"},"primaryImageOfPage":{"@id":"https:\/\/saltlakefurniture.com\/es\/name-brand-mattresses\/#primaryimage"},"image":{"@id":"https:\/\/saltlakefurniture.com\/es\/name-brand-mattresses\/#primaryimage"},"thumbnailUrl":"http:\/\/saltlakefurniture.com\/wp-content\/uploads\/2019\/03\/Mattress-Olympia-West-Jordan-e1552682493532.png","datePublished":"2019-03-15T17:16:05+00:00","dateModified":"2020-02-11T19:53:40+00:00","breadcrumb":{"@id":"https:\/\/saltlakefurniture.com\/es\/name-brand-mattresses\/#breadcrumb"},"inLanguage":"es","potentialAction":[{"@type":"ReadAction","target":["https:\/\/saltlakefurniture.com\/es\/name-brand-mattresses\/"]}]},{"@type":"ImageObject","inLanguage":"es","@id":"https:\/\/saltlakefurniture.com\/es\/name-brand-mattresses\/#primaryimage","url":"http:\/\/saltlakefurniture.com\/wp-content\/uploads\/2019\/03\/Mattress-Olympia-West-Jordan-e1552682493532.png","contentUrl":"http:\/\/saltlakefurniture.com\/wp-content\/uploads\/2019\/03\/Mattress-Olympia-West-Jordan-e1552682493532.png"},{"@type":"BreadcrumbList","@id":"https:\/\/saltlakefurniture.com\/es\/name-brand-mattresses\/#breadcrumb","itemListElement":[{"@type":"ListItem","position":1,"name":"Home","item":"https:\/\/saltlakefurniture.com\/"},{"@type":"ListItem","position":2,"name":"Name Brand Mattresses &#8211; Salt Lake"}]},{"@type":"WebSite","@id":"https:\/\/saltlakefurniture.com\/#website","url":"https:\/\/saltlakefurniture.com\/","name":"Mejores precios y selecci\u00f3n - Muebles y colchones | Muebles Olympia","description":"Fast &amp; Easy Furniture Shopping Experience with Your Personal Furniture Consultant","publisher":{"@id":"https:\/\/saltlakefurniture.com\/#organization"},"potentialAction":[{"@type":"SearchAction","target":{"@type":"EntryPoint","urlTemplate":"https:\/\/saltlakefurniture.com\/?s={search_term_string}"},"query-input":{"@type":"PropertyValueSpecification","valueRequired":true,"valueName":"search_term_string"}}],"inLanguage":"es"},{"@type":"Organization","@id":"https:\/\/saltlakefurniture.com\/#organization","name":"Olympia Furniture | West Jordan","url":"https:\/\/saltlakefurniture.com\/","logo":{"@type":"ImageObject","inLanguage":"es","@id":"https:\/\/saltlakefurniture.com\/#\/schema\/logo\/image\/","url":"http:\/\/saltlakefurniture.com\/wp-content\/uploads\/2019\/03\/Olympia-Funiture-and-Mattress-logo-e1556236669250.jpg","contentUrl":"http:\/\/saltlakefurniture.com\/wp-content\/uploads\/2019\/03\/Olympia-Funiture-and-Mattress-logo-e1556236669250.jpg","width":300,"height":115,"caption":"Olympia Furniture | West Jordan"},"image":{"@id":"https:\/\/saltlakefurniture.com\/#\/schema\/logo\/image\/"},"sameAs":["https:\/\/www.facebook.com\/olympiafurniturewj\/","https:\/\/www.pinterest.com\/olympiafurniture\/"]}]}},"_links":{"self":[{"href":"https:\/\/saltlakefurniture.com\/es\/wp-json\/wp\/v2\/pages\/535","targetHints":{"allow":["GET"]}}],"collection":[{"href":"https:\/\/saltlakefurniture.com\/es\/wp-json\/wp\/v2\/pages"}],"about":[{"href":"https:\/\/saltlakefurniture.com\/es\/wp-json\/wp\/v2\/types\/page"}],"author":[{"embeddable":true,"href":"https:\/\/saltlakefurniture.com\/es\/wp-json\/wp\/v2\/users\/1"}],"replies":[{"embeddable":true,"href":"https:\/\/saltlakefurniture.com\/es\/wp-json\/wp\/v2\/comments?post=535"}],"version-history":[{"count":12,"href":"https:\/\/saltlakefurniture.com\/es\/wp-json\/wp\/v2\/pages\/535\/revisions"}],"predecessor-version":[{"id":930,"href":"https:\/\/saltlakefurniture.com\/es\/wp-json\/wp\/v2\/pages\/535\/revisions\/930"}],"wp:attachment":[{"href":"https:\/\/saltlakefurniture.com\/es\/wp-json\/wp\/v2\/media?parent=535"}],"curies":[{"name":"wp","href":"https:\/\/api.w.org\/{rel}","templated":true}]}}