{"id":533,"date":"2019-03-15T17:15:23","date_gmt":"2019-03-15T17:15:23","guid":{"rendered":"http:\/\/saltlakefurniture.com\/?page_id=533"},"modified":"2020-02-11T20:09:14","modified_gmt":"2020-02-11T20:09:14","slug":"olympia-brand-mattresses","status":"publish","type":"page","link":"https:\/\/saltlakefurniture.com\/es\/olympia-brand-mattresses\/","title":{"rendered":"Colchones Olympia - Salt Lake"},"content":{"rendered":"<img loading=\"lazy\" decoding=\"async\" src=\"http:\/\/saltlakefurniture.com\/wp-content\/uploads\/2019\/03\/Olympia-Brand-King-Mattress-West-Jordan-Sandy-e1552678790880.jpg\" alt=\"Affordable comfortable mattress - Kearns Utah\" itemprop=\"image\" height=\"348\" width=\"835\" title=\"Colch\u00f3n Olympia Brand King - West Jordan - Sandy\" onerror=\"this.style.display='none'\"  \/>\n<h1>\n\t\tColchones de la marca Olympia Furniture - Fabricados en Salt Lake City, UT\n\t<\/h1>\n\t\t\t<a href=\"http:\/\/saltlakefurniture.com\/es\/contact\/\" target=\"_self\" role=\"button\" rel=\"noopener noreferrer\">\n\t\t\t\t\t\t\tVisita nuestra tienda\n\t\t\t\t\t<\/a>\n\t\t\t<a href=\"https:\/\/olympiafurnitureonline.com\/category\/living-room\" target=\"_self\" role=\"button\" rel=\"nofollow noopener noreferrer\">\n\t\t\t\t\t\t\tCompre nuestra GRAN selecci\u00f3n\n\t\t\t\t\t<\/a>\n\t<p>Fabricamos nuestros propios colchones de alto valor que son c\u00f3modos y econ\u00f3micos, aqu\u00ed mismo en Salt Lake City. Nosotros construimos todos nuestros estilos de colch\u00f3n con las especificaciones est\u00e1ndar de los tama\u00f1os King, Queen, Full y Twin.\u00a0<\/p>\n<p>&nbsp;<\/p>\n<p>Los niveles de comodidad incluyen Firm, Plush, Pillow Top y Euro Top.<\/p>\n<p>&nbsp;<\/p>\n<p>Eliminamos al intermediario y reducimos los costos fabricando, distribuyendo y vendiendo nuestros colchones de marca localmente. <strong>Estos colchones est\u00e1n disponibles exclusivamente en nuestras tiendas \u00fanicamente. <\/strong>\u00a0 Vis\u00edtenos en nuestra tienda de Salt Lake que se encuentra cerca de West Valley en Salt Lake, justo al lado del intercambio I-215 y I-80. Tambi\u00e9n estamos muy cerca de Rose Park, Glendale y Taylorsville. Ven a sentir la comodidad y la calidad de nuestros colchones. Si lo desea, haremos una oferta que puede superar, luego le entregaremos el colch\u00f3n a su hogar en cualquier momento entre las 10 a.m. y las 10 p.m., siempre que viva dentro de las 10 millas de nuestras tiendas de Salt Lake o West Jordan. Nunca ha sido m\u00e1s f\u00e1cil o de menor costo pedir el colch\u00f3n de mayor comodidad disponible<\/p>\n<p>&nbsp;<\/p>\n<h2>\u00bfNecesita un colch\u00f3n personalizado al por mayor?<\/h2>\n<h3>Compre en Olympia Furniture, su fabricante local de colchones de Salt Lake<\/h3>\n<p>\u00bfNecesita un colch\u00f3n de tama\u00f1o extra\u00f1o? No se preocupe, crearemos un colch\u00f3n personalizado seg\u00fan sus especificaciones exactas. Tome sus medidas y programe una hora, y trabajaremos para construir un colch\u00f3n con la cantidad adecuada de comodidad y dimensiones para su espacio.<\/p>\n<p>&nbsp;<\/p>\n<p>&nbsp;<\/p>\n<p>&nbsp;<\/p>\n\t<ul>\n\t\t\t<li>\n\t\t\t\t<h3> Vivir en West Valley o Salt Lake?<\/h3>Entrega gratuita dentro de las 10 millas: de 10 a.m. a 10 p.m.\n\t\t\t<\/li>\n\t\t<\/ul>\n\t\t\t\t<img loading=\"lazy\" decoding=\"async\" src=\"http:\/\/saltlakefurniture.com\/wp-content\/uploads\/2019\/05\/Olympia-Mattress-Refreshment.jpg\" alt=\"West Jordan Furniture Store - Discount Mattresses\" itemprop=\"image\" height=\"683\" width=\"1024\" title=\"Colchones Olympia - Hecho en Salt Lake City, Utah\" onerror=\"this.style.display='none'\"  \/>\n\t<p><strong>Olympia Furniture (Tienda Salt Lake)<\/strong><\/p>\n7019 South Redwood Road<br \/>\nSalt Lake City, UT 84084\n<p><a href=\"tel:+18016959555\"> (801) 695-9555<\/a><\/p>\n\t<p><strong>Vis\u00edtanos<\/strong><\/p>\nLunes a s\u00e1bado: 10 a. M. - 7:30 p. M.<br \/>\nDomingo: 11 a. M. - 5 p. M.\n<p>Hablamos Espnaol - Muebles y Colchones<\/p>\n\t<iframe src=\"https:\/\/www.google.com\/maps\/embed\/v1\/place?q=Olympia+Furniture+%28Salt+Lake+Store%29+1842+S+Redwood+Rd%2C+Salt+Lake+City%2C+UT+84104%0A&#038;key=AIzaSyD09zQ9PNDNNy9TadMuzRV_UsPUoWKntt8\" aria-hidden=\"true\"><\/iframe>","protected":false},"excerpt":{"rendered":"<p>Colchones de la marca Olympia Furniture - Fabricados en Salt Lake City, UT Visite nuestra tienda Compre nuestra GRAN selecci\u00f3n Fabricamos nuestros propios colchones de alto valor que son c\u00f3modos y econ\u00f3micos, aqu\u00ed mismo en Salt Lake City. Construimos todos nuestros estilos de colchones con las especificaciones est\u00e1ndar de los tama\u00f1os King, Queen, Full y Twin. ...<\/p>","protected":false},"author":1,"featured_media":0,"parent":0,"menu_order":0,"comment_status":"closed","ping_status":"closed","template":"","meta":{"footnotes":""},"class_list":["post-533","page","type-page","status-publish","hentry"],"yoast_head":"<!-- This site is optimized with the Yoast SEO plugin v27.3 - https:\/\/yoast.com\/product\/yoast-seo-wordpress\/ -->\n<title>Olympia Mattresses - Salt Lake - Best Prices &amp; Selection - Furniture &amp; Mattresses | Olympia Furniture<\/title>\n<meta name=\"robots\" content=\"index, follow, max-snippet:-1, max-image-preview:large, max-video-preview:-1\" \/>\n<link rel=\"canonical\" href=\"https:\/\/saltlakefurniture.com\/es\/olympia-brand-mattresses\/\" \/>\n<meta property=\"og:locale\" content=\"es_MX\" \/>\n<meta property=\"og:type\" content=\"article\" \/>\n<meta property=\"og:title\" content=\"Olympia Mattresses - Salt Lake - Best Prices &amp; Selection - Furniture &amp; Mattresses | Olympia Furniture\" \/>\n<meta property=\"og:description\" content=\"Olympia Furniture Brand Mattresses &#8211; Manufactured in Salt Lake City, UT Visit Our Store Shop Our BIG Selection We manufacture our very own high-value mattresses that are comfortable and inexpensive, right here in Salt Lake City.\u00a0 We, build all of our mattress styles to the standard specs of King, Queen, Full and Twin sizes.\u00a0 &nbsp;&hellip;\" \/>\n<meta property=\"og:url\" content=\"https:\/\/saltlakefurniture.com\/es\/olympia-brand-mattresses\/\" \/>\n<meta property=\"og:site_name\" content=\"Best Prices &amp; Selection - Furniture &amp; Mattresses | Olympia Furniture\" \/>\n<meta property=\"article:publisher\" content=\"https:\/\/www.facebook.com\/olympiafurniturewj\/\" \/>\n<meta property=\"article:modified_time\" content=\"2020-02-11T20:09:14+00:00\" \/>\n<meta property=\"og:image\" content=\"http:\/\/saltlakefurniture.com\/wp-content\/uploads\/2019\/03\/Olympia-Brand-King-Mattress-West-Jordan-Sandy-e1552678790880.jpg\" \/>\n<meta name=\"twitter:card\" content=\"summary_large_image\" \/>\n<meta name=\"twitter:label1\" content=\"Tiempo de lectura\" \/>\n\t<meta name=\"twitter:data1\" content=\"2 minutos\" \/>\n<script type=\"application\/ld+json\" class=\"yoast-schema-graph\">{\"@context\":\"https:\\\/\\\/schema.org\",\"@graph\":[{\"@type\":\"WebPage\",\"@id\":\"https:\\\/\\\/saltlakefurniture.com\\\/es\\\/olympia-brand-mattresses\\\/\",\"url\":\"https:\\\/\\\/saltlakefurniture.com\\\/es\\\/olympia-brand-mattresses\\\/\",\"name\":\"Olympia Mattresses - Salt Lake - Best Prices &amp; Selection - Furniture &amp; Mattresses | Olympia Furniture\",\"isPartOf\":{\"@id\":\"https:\\\/\\\/saltlakefurniture.com\\\/#website\"},\"primaryImageOfPage\":{\"@id\":\"https:\\\/\\\/saltlakefurniture.com\\\/es\\\/olympia-brand-mattresses\\\/#primaryimage\"},\"image\":{\"@id\":\"https:\\\/\\\/saltlakefurniture.com\\\/es\\\/olympia-brand-mattresses\\\/#primaryimage\"},\"thumbnailUrl\":\"http:\\\/\\\/saltlakefurniture.com\\\/wp-content\\\/uploads\\\/2019\\\/03\\\/Olympia-Brand-King-Mattress-West-Jordan-Sandy-e1552678790880.jpg\",\"datePublished\":\"2019-03-15T17:15:23+00:00\",\"dateModified\":\"2020-02-11T20:09:14+00:00\",\"breadcrumb\":{\"@id\":\"https:\\\/\\\/saltlakefurniture.com\\\/es\\\/olympia-brand-mattresses\\\/#breadcrumb\"},\"inLanguage\":\"es\",\"potentialAction\":[{\"@type\":\"ReadAction\",\"target\":[\"https:\\\/\\\/saltlakefurniture.com\\\/es\\\/olympia-brand-mattresses\\\/\"]}]},{\"@type\":\"ImageObject\",\"inLanguage\":\"es\",\"@id\":\"https:\\\/\\\/saltlakefurniture.com\\\/es\\\/olympia-brand-mattresses\\\/#primaryimage\",\"url\":\"http:\\\/\\\/saltlakefurniture.com\\\/wp-content\\\/uploads\\\/2019\\\/03\\\/Olympia-Brand-King-Mattress-West-Jordan-Sandy-e1552678790880.jpg\",\"contentUrl\":\"http:\\\/\\\/saltlakefurniture.com\\\/wp-content\\\/uploads\\\/2019\\\/03\\\/Olympia-Brand-King-Mattress-West-Jordan-Sandy-e1552678790880.jpg\"},{\"@type\":\"BreadcrumbList\",\"@id\":\"https:\\\/\\\/saltlakefurniture.com\\\/es\\\/olympia-brand-mattresses\\\/#breadcrumb\",\"itemListElement\":[{\"@type\":\"ListItem\",\"position\":1,\"name\":\"Home\",\"item\":\"https:\\\/\\\/saltlakefurniture.com\\\/\"},{\"@type\":\"ListItem\",\"position\":2,\"name\":\"Olympia Mattresses &#8211; Salt Lake\"}]},{\"@type\":\"WebSite\",\"@id\":\"https:\\\/\\\/saltlakefurniture.com\\\/#website\",\"url\":\"https:\\\/\\\/saltlakefurniture.com\\\/\",\"name\":\"Best Prices &amp; Selection - Furniture &amp; Mattresses | Olympia Furniture\",\"description\":\"Fast &amp; Easy Furniture Shopping Experience with Your Personal Furniture Consultant\",\"publisher\":{\"@id\":\"https:\\\/\\\/saltlakefurniture.com\\\/#organization\"},\"potentialAction\":[{\"@type\":\"SearchAction\",\"target\":{\"@type\":\"EntryPoint\",\"urlTemplate\":\"https:\\\/\\\/saltlakefurniture.com\\\/?s={search_term_string}\"},\"query-input\":{\"@type\":\"PropertyValueSpecification\",\"valueRequired\":true,\"valueName\":\"search_term_string\"}}],\"inLanguage\":\"es\"},{\"@type\":\"Organization\",\"@id\":\"https:\\\/\\\/saltlakefurniture.com\\\/#organization\",\"name\":\"Olympia Furniture | West Jordan\",\"url\":\"https:\\\/\\\/saltlakefurniture.com\\\/\",\"logo\":{\"@type\":\"ImageObject\",\"inLanguage\":\"es\",\"@id\":\"https:\\\/\\\/saltlakefurniture.com\\\/#\\\/schema\\\/logo\\\/image\\\/\",\"url\":\"http:\\\/\\\/saltlakefurniture.com\\\/wp-content\\\/uploads\\\/2019\\\/03\\\/Olympia-Funiture-and-Mattress-logo-e1556236669250.jpg\",\"contentUrl\":\"http:\\\/\\\/saltlakefurniture.com\\\/wp-content\\\/uploads\\\/2019\\\/03\\\/Olympia-Funiture-and-Mattress-logo-e1556236669250.jpg\",\"width\":300,\"height\":115,\"caption\":\"Olympia Furniture | West Jordan\"},\"image\":{\"@id\":\"https:\\\/\\\/saltlakefurniture.com\\\/#\\\/schema\\\/logo\\\/image\\\/\"},\"sameAs\":[\"https:\\\/\\\/www.facebook.com\\\/olympiafurniturewj\\\/\",\"https:\\\/\\\/www.pinterest.com\\\/olympiafurniture\\\/\"]}]}<\/script>\n<!-- \/ Yoast SEO plugin. -->","yoast_head_json":{"title":"Olympia Mattresses - Salt Lake - Best Prices &amp; Selection - Furniture &amp; Mattresses | Olympia Furniture","robots":{"index":"index","follow":"follow","max-snippet":"max-snippet:-1","max-image-preview":"max-image-preview:large","max-video-preview":"max-video-preview:-1"},"canonical":"https:\/\/saltlakefurniture.com\/es\/olympia-brand-mattresses\/","og_locale":"es_MX","og_type":"article","og_title":"Olympia Mattresses - Salt Lake - Best Prices &amp; Selection - Furniture &amp; Mattresses | Olympia Furniture","og_description":"Olympia Furniture Brand Mattresses &#8211; Manufactured in Salt Lake City, UT Visit Our Store Shop Our BIG Selection We manufacture our very own high-value mattresses that are comfortable and inexpensive, right here in Salt Lake City.\u00a0 We, build all of our mattress styles to the standard specs of King, Queen, Full and Twin sizes.\u00a0 &nbsp;&hellip;","og_url":"https:\/\/saltlakefurniture.com\/es\/olympia-brand-mattresses\/","og_site_name":"Best Prices &amp; Selection - Furniture &amp; Mattresses | Olympia Furniture","article_publisher":"https:\/\/www.facebook.com\/olympiafurniturewj\/","article_modified_time":"2020-02-11T20:09:14+00:00","og_image":[{"url":"http:\/\/saltlakefurniture.com\/wp-content\/uploads\/2019\/03\/Olympia-Brand-King-Mattress-West-Jordan-Sandy-e1552678790880.jpg","type":"","width":"","height":""}],"twitter_card":"summary_large_image","twitter_misc":{"Tiempo de lectura":"2 minutos"},"schema":{"@context":"https:\/\/schema.org","@graph":[{"@type":"WebPage","@id":"https:\/\/saltlakefurniture.com\/es\/olympia-brand-mattresses\/","url":"https:\/\/saltlakefurniture.com\/es\/olympia-brand-mattresses\/","name":"Olympia Mattresses - Salt Lake - Best Prices &amp; Selection - Furniture &amp; Mattresses | Olympia Furniture","isPartOf":{"@id":"https:\/\/saltlakefurniture.com\/#website"},"primaryImageOfPage":{"@id":"https:\/\/saltlakefurniture.com\/es\/olympia-brand-mattresses\/#primaryimage"},"image":{"@id":"https:\/\/saltlakefurniture.com\/es\/olympia-brand-mattresses\/#primaryimage"},"thumbnailUrl":"http:\/\/saltlakefurniture.com\/wp-content\/uploads\/2019\/03\/Olympia-Brand-King-Mattress-West-Jordan-Sandy-e1552678790880.jpg","datePublished":"2019-03-15T17:15:23+00:00","dateModified":"2020-02-11T20:09:14+00:00","breadcrumb":{"@id":"https:\/\/saltlakefurniture.com\/es\/olympia-brand-mattresses\/#breadcrumb"},"inLanguage":"es","potentialAction":[{"@type":"ReadAction","target":["https:\/\/saltlakefurniture.com\/es\/olympia-brand-mattresses\/"]}]},{"@type":"ImageObject","inLanguage":"es","@id":"https:\/\/saltlakefurniture.com\/es\/olympia-brand-mattresses\/#primaryimage","url":"http:\/\/saltlakefurniture.com\/wp-content\/uploads\/2019\/03\/Olympia-Brand-King-Mattress-West-Jordan-Sandy-e1552678790880.jpg","contentUrl":"http:\/\/saltlakefurniture.com\/wp-content\/uploads\/2019\/03\/Olympia-Brand-King-Mattress-West-Jordan-Sandy-e1552678790880.jpg"},{"@type":"BreadcrumbList","@id":"https:\/\/saltlakefurniture.com\/es\/olympia-brand-mattresses\/#breadcrumb","itemListElement":[{"@type":"ListItem","position":1,"name":"Home","item":"https:\/\/saltlakefurniture.com\/"},{"@type":"ListItem","position":2,"name":"Olympia Mattresses &#8211; Salt Lake"}]},{"@type":"WebSite","@id":"https:\/\/saltlakefurniture.com\/#website","url":"https:\/\/saltlakefurniture.com\/","name":"Mejores precios y selecci\u00f3n - Muebles y colchones | Muebles Olympia","description":"Fast &amp; Easy Furniture Shopping Experience with Your Personal Furniture Consultant","publisher":{"@id":"https:\/\/saltlakefurniture.com\/#organization"},"potentialAction":[{"@type":"SearchAction","target":{"@type":"EntryPoint","urlTemplate":"https:\/\/saltlakefurniture.com\/?s={search_term_string}"},"query-input":{"@type":"PropertyValueSpecification","valueRequired":true,"valueName":"search_term_string"}}],"inLanguage":"es"},{"@type":"Organization","@id":"https:\/\/saltlakefurniture.com\/#organization","name":"Olympia Furniture | West Jordan","url":"https:\/\/saltlakefurniture.com\/","logo":{"@type":"ImageObject","inLanguage":"es","@id":"https:\/\/saltlakefurniture.com\/#\/schema\/logo\/image\/","url":"http:\/\/saltlakefurniture.com\/wp-content\/uploads\/2019\/03\/Olympia-Funiture-and-Mattress-logo-e1556236669250.jpg","contentUrl":"http:\/\/saltlakefurniture.com\/wp-content\/uploads\/2019\/03\/Olympia-Funiture-and-Mattress-logo-e1556236669250.jpg","width":300,"height":115,"caption":"Olympia Furniture | West Jordan"},"image":{"@id":"https:\/\/saltlakefurniture.com\/#\/schema\/logo\/image\/"},"sameAs":["https:\/\/www.facebook.com\/olympiafurniturewj\/","https:\/\/www.pinterest.com\/olympiafurniture\/"]}]}},"_links":{"self":[{"href":"https:\/\/saltlakefurniture.com\/es\/wp-json\/wp\/v2\/pages\/533","targetHints":{"allow":["GET"]}}],"collection":[{"href":"https:\/\/saltlakefurniture.com\/es\/wp-json\/wp\/v2\/pages"}],"about":[{"href":"https:\/\/saltlakefurniture.com\/es\/wp-json\/wp\/v2\/types\/page"}],"author":[{"embeddable":true,"href":"https:\/\/saltlakefurniture.com\/es\/wp-json\/wp\/v2\/users\/1"}],"replies":[{"embeddable":true,"href":"https:\/\/saltlakefurniture.com\/es\/wp-json\/wp\/v2\/comments?post=533"}],"version-history":[{"count":15,"href":"https:\/\/saltlakefurniture.com\/es\/wp-json\/wp\/v2\/pages\/533\/revisions"}],"predecessor-version":[{"id":933,"href":"https:\/\/saltlakefurniture.com\/es\/wp-json\/wp\/v2\/pages\/533\/revisions\/933"}],"wp:attachment":[{"href":"https:\/\/saltlakefurniture.com\/es\/wp-json\/wp\/v2\/media?parent=533"}],"curies":[{"name":"wp","href":"https:\/\/api.w.org\/{rel}","templated":true}]}}