{"id":11,"date":"2019-02-03T13:47:11","date_gmt":"2019-02-03T13:47:11","guid":{"rendered":"http:\/\/saltlakefurniture.com\/?page_id=11"},"modified":"2020-07-04T12:57:28","modified_gmt":"2020-07-04T12:57:28","slug":"contact","status":"publish","type":"page","link":"https:\/\/saltlakefurniture.com\/es\/contact\/","title":{"rendered":"Contacto"},"content":{"rendered":"<h2>\n\t\tPrograme su visita para incluir una consulta en la tienda y ahorre 10%\n\t<\/h2>\n\t<p>Obtenga un EXTRA 10% apagado. Todo lo que tiene que hacer para programar una consulta es completar el formulario a continuaci\u00f3n o llamarnos.<\/p>\n\t<h3>\n\t\t<\/h3>\n\t\n\t\t\n<form action=\"\/es\/?page_id=11&#038;fl_builder#wpcf7-f81-o1\" method=\"post\" novalidate=\"novalidate\" data-trp-original-action=\"\/?page_id=11&#038;fl_builder#wpcf7-f81-o1\">\n<input type=\"hidden\" name=\"_wpcf7\" value=\"81\" \/>\n<input type=\"hidden\" name=\"_wpcf7_version\" value=\"5.1.9\" \/>\n<input type=\"hidden\" name=\"_wpcf7_locale\" value=\"en_US\" \/>\n<input type=\"hidden\" name=\"_wpcf7_unit_tag\" value=\"wpcf7-f81-o1\" \/>\n<input type=\"hidden\" name=\"_wpcf7_container_post\" value=\"0\" \/>\n<input type=\"hidden\" name=\"g-recaptcha-response\" value=\"\" \/>\n<p><input type=\"text\" name=\"first-name\" value=\"\" size=\"40\" aria-required=\"true\" aria-invalid=\"false\" placeholder=\"Nombre de pila *\" \/><\/p>\n<p><input type=\"text\" name=\"last-name\" value=\"\" size=\"40\" aria-required=\"true\" aria-invalid=\"false\" placeholder=\"Apellido *\" \/><\/p>\n<p><input type=\"email\" name=\"your-email\" value=\"\" size=\"40\" aria-required=\"true\" aria-invalid=\"false\" placeholder=\"Email *\" \/><\/p>\n<p><input type=\"tel\" name=\"tel-580\" value=\"\" size=\"40\" aria-invalid=\"false\" placeholder=\"Tel\u00e9fono *\" \/><\/p>\n<p><input type=\"text\" name=\"your-city\" value=\"\" size=\"40\" aria-required=\"true\" aria-invalid=\"false\" placeholder=\"Ciudad *\" \/><\/p>\n<p><textarea name=\"your-message\" cols=\"40\" rows=\"10\" aria-required=\"true\" aria-invalid=\"false\" placeholder=\"Detalles sobre sus necesidades de muebles *\"><\/textarea><\/p>\n<p><br><\/p>\n<p><input type=\"submit\" value=\"Programar consulta en la tienda\" \/><\/p>\n<input type=\"hidden\" name=\"webpage\" value=\"post_title\" \/><br \/>\n<input type=\"hidden\" name=\"trp-form-language\" value=\"es\"\/><\/form>\n\t\t\t\t<img loading=\"lazy\" decoding=\"async\" src=\"http:\/\/saltlakefurniture.com\/wp-content\/uploads\/2020\/02\/Olympia-Furniture-Salt-Lake-Store-Front-Entrance-off-Redwood-Road.jpg\" alt=\"Olympia Furniture (Salt Lake Store) - Front Entrance off Redwood Road\" itemprop=\"image\" height=\"400\" width=\"600\" title=\"Olympia Furniture (Salt Lake Store) - Entrada frontal de Redwood Road\" onerror=\"this.style.display='none'\"  \/>\n\t<h1>P\u00f3ngase en contacto con nuestra tienda de Salt Lake City, Utah<\/h1>\n\t<left>\n<a href=\"#\"><button alt=\"Booknow button\" id='bookafy-scheduling' data-domain-name=\"https:\/\/puremaintenance.bookafy.com\/john-mecham\">Programe una consulta de dise\u00f1o de interiores<\/button><\/a>\n<style> #bookafy-scheduling {visibility: show; \nheight: 40px; \nwidth: 400px; \nbackground-color: #1a9a8b; \ncolor: white; \nfont-size: 16px; \nborder-color: white; \nborder-style:solid; \nborder-radius: 4px; \ncursor: pointer;} \n#bookafy-scheduling:hover {background-color: #007ffff ; color:white; border-color:white;} <\/style>\n<\/left>\n\t<p>* Env\u00ede fotos del espacio que est\u00e1 tratando de proporcionar + fotos desde la web del aspecto que desea y obtenga 10% apagado<\/p>\n\t<p><strong>Tienes preguntas?<\/strong><\/p>\n<p>Llamenos al<strong><a href=\"tel:+180169595555\"> (801) 695-9555 <\/a><\/strong><\/p>\n\t<iframe src=\"https:\/\/www.google.com\/maps\/embed\/v1\/place?q=1842+S+Redwood+Rd%2C+Salt+Lake+City%2C+UT+84104&#038;key=AIzaSyD09zQ9PNDNNy9TadMuzRV_UsPUoWKntt8\" aria-hidden=\"true\"><\/iframe>\n\t<p><strong>Olympia Furniture (Tienda Salt Lake)<\/strong><\/p>\n7019 South Redwood Road<br \/>\nSalt Lake City, UT 84084\n<p><a href=\"tel:+18016959555\"> (801) 695-9555<\/a><\/p>\n\t<p><strong>Vis\u00edtanos<\/strong><\/p>\nLunes a s\u00e1bado: 10 a. M. - 7:30 p. M.<br \/>\nDomingo: 11 a. M. - 5 p. M.\n<p>Hablamos Espnaol - Muebles y Colchones<\/p>\n\t\t\t\t<img loading=\"lazy\" decoding=\"async\" src=\"http:\/\/saltlakefurniture.com\/wp-content\/uploads\/2019\/02\/Snap-Finance-Olympia-Furniture-Salt-Lake-Store.jpeg\" alt=\"Snap Finance - Olympia Furniture (Salt Lake Store)\" itemprop=\"image\" height=\"250\" width=\"250\" title=\"Snap Finance - Olympia Furniture (Tienda de Salt Lake)\" onerror=\"this.style.display='none'\"  \/>\n\t<iframe src=\"https:\/\/www.google.com\/maps\/embed\/v1\/place?q=Olympia+Furniture+%28Salt+Lake+Store%29+1842+S+Redwood+Rd%2C+Salt+Lake+City%2C+UT+84104%0A&#038;key=AIzaSyD09zQ9PNDNNy9TadMuzRV_UsPUoWKntt8\" aria-hidden=\"true\"><\/iframe>","protected":false},"excerpt":{"rendered":"<p>Programe su visita para incluir una consulta en la tienda y ahorre 10% Obtenga un 10% EXTRA de descuento. Todo lo que tiene que hacer para programar una consulta es completar el formulario a continuaci\u00f3n o llamarnos. Comun\u00edquese con nuestra tienda de Salt Lake City, Utah Programe una consulta de dise\u00f1o de interiores * Env\u00ede fotos del espacio ...<\/p>","protected":false},"author":1,"featured_media":0,"parent":0,"menu_order":0,"comment_status":"closed","ping_status":"closed","template":"","meta":{"footnotes":""},"class_list":["post-11","page","type-page","status-publish","hentry"],"yoast_head":"<!-- This site is optimized with the Yoast SEO plugin v27.3 - https:\/\/yoast.com\/product\/yoast-seo-wordpress\/ -->\n<title>Contact - Best Prices &amp; Selection - Furniture &amp; Mattresses | Olympia Furniture<\/title>\n<meta name=\"robots\" content=\"index, follow, max-snippet:-1, max-image-preview:large, max-video-preview:-1\" \/>\n<link rel=\"canonical\" href=\"https:\/\/saltlakefurniture.com\/es\/contact\/\" \/>\n<meta property=\"og:locale\" content=\"es_MX\" \/>\n<meta property=\"og:type\" content=\"article\" \/>\n<meta property=\"og:title\" content=\"Contact - Best Prices &amp; Selection - Furniture &amp; Mattresses | Olympia Furniture\" \/>\n<meta property=\"og:description\" content=\"Schedule Your Visit to Include an In-store Consultation and Save 10% Get an EXTRA 10% off. All you have to do to schedule a consultation is to fill out the form below or give us a call. Contact our Salt Lake City, Utah Store Schedule An Interior Design Consultation * Send photos of the space&hellip;\" \/>\n<meta property=\"og:url\" content=\"https:\/\/saltlakefurniture.com\/es\/contact\/\" \/>\n<meta property=\"og:site_name\" content=\"Best Prices &amp; Selection - Furniture &amp; Mattresses | Olympia Furniture\" \/>\n<meta property=\"article:publisher\" content=\"https:\/\/www.facebook.com\/olympiafurniturewj\/\" \/>\n<meta property=\"article:modified_time\" content=\"2020-07-04T12:57:28+00:00\" \/>\n<meta property=\"og:image\" content=\"http:\/\/saltlakefurniture.com\/wp-content\/uploads\/2020\/02\/Olympia-Furniture-Salt-Lake-Store-Front-Entrance-off-Redwood-Road.jpg\" \/>\n<meta name=\"twitter:card\" content=\"summary_large_image\" \/>\n<meta name=\"twitter:label1\" content=\"Tiempo de lectura\" \/>\n\t<meta name=\"twitter:data1\" content=\"1 minuto\" \/>\n<script type=\"application\/ld+json\" class=\"yoast-schema-graph\">{\"@context\":\"https:\\\/\\\/schema.org\",\"@graph\":[{\"@type\":\"WebPage\",\"@id\":\"https:\\\/\\\/saltlakefurniture.com\\\/contact\\\/\",\"url\":\"https:\\\/\\\/saltlakefurniture.com\\\/contact\\\/\",\"name\":\"Contact - Best Prices &amp; Selection - Furniture &amp; Mattresses | Olympia Furniture\",\"isPartOf\":{\"@id\":\"https:\\\/\\\/saltlakefurniture.com\\\/#website\"},\"primaryImageOfPage\":{\"@id\":\"https:\\\/\\\/saltlakefurniture.com\\\/contact\\\/#primaryimage\"},\"image\":{\"@id\":\"https:\\\/\\\/saltlakefurniture.com\\\/contact\\\/#primaryimage\"},\"thumbnailUrl\":\"http:\\\/\\\/saltlakefurniture.com\\\/wp-content\\\/uploads\\\/2020\\\/02\\\/Olympia-Furniture-Salt-Lake-Store-Front-Entrance-off-Redwood-Road.jpg\",\"datePublished\":\"2019-02-03T13:47:11+00:00\",\"dateModified\":\"2020-07-04T12:57:28+00:00\",\"breadcrumb\":{\"@id\":\"https:\\\/\\\/saltlakefurniture.com\\\/contact\\\/#breadcrumb\"},\"inLanguage\":\"es\",\"potentialAction\":[{\"@type\":\"ReadAction\",\"target\":[\"https:\\\/\\\/saltlakefurniture.com\\\/contact\\\/\"]}]},{\"@type\":\"ImageObject\",\"inLanguage\":\"es\",\"@id\":\"https:\\\/\\\/saltlakefurniture.com\\\/contact\\\/#primaryimage\",\"url\":\"http:\\\/\\\/saltlakefurniture.com\\\/wp-content\\\/uploads\\\/2020\\\/02\\\/Olympia-Furniture-Salt-Lake-Store-Front-Entrance-off-Redwood-Road.jpg\",\"contentUrl\":\"http:\\\/\\\/saltlakefurniture.com\\\/wp-content\\\/uploads\\\/2020\\\/02\\\/Olympia-Furniture-Salt-Lake-Store-Front-Entrance-off-Redwood-Road.jpg\"},{\"@type\":\"BreadcrumbList\",\"@id\":\"https:\\\/\\\/saltlakefurniture.com\\\/contact\\\/#breadcrumb\",\"itemListElement\":[{\"@type\":\"ListItem\",\"position\":1,\"name\":\"Home\",\"item\":\"https:\\\/\\\/saltlakefurniture.com\\\/\"},{\"@type\":\"ListItem\",\"position\":2,\"name\":\"Contact\"}]},{\"@type\":\"WebSite\",\"@id\":\"https:\\\/\\\/saltlakefurniture.com\\\/#website\",\"url\":\"https:\\\/\\\/saltlakefurniture.com\\\/\",\"name\":\"Best Prices &amp; Selection - Furniture &amp; Mattresses | Olympia Furniture\",\"description\":\"Fast &amp; Easy Furniture Shopping Experience with Your Personal Furniture Consultant\",\"publisher\":{\"@id\":\"https:\\\/\\\/saltlakefurniture.com\\\/#organization\"},\"potentialAction\":[{\"@type\":\"SearchAction\",\"target\":{\"@type\":\"EntryPoint\",\"urlTemplate\":\"https:\\\/\\\/saltlakefurniture.com\\\/?s={search_term_string}\"},\"query-input\":{\"@type\":\"PropertyValueSpecification\",\"valueRequired\":true,\"valueName\":\"search_term_string\"}}],\"inLanguage\":\"es\"},{\"@type\":\"Organization\",\"@id\":\"https:\\\/\\\/saltlakefurniture.com\\\/#organization\",\"name\":\"Olympia Furniture | West Jordan\",\"url\":\"https:\\\/\\\/saltlakefurniture.com\\\/\",\"logo\":{\"@type\":\"ImageObject\",\"inLanguage\":\"es\",\"@id\":\"https:\\\/\\\/saltlakefurniture.com\\\/#\\\/schema\\\/logo\\\/image\\\/\",\"url\":\"http:\\\/\\\/saltlakefurniture.com\\\/wp-content\\\/uploads\\\/2019\\\/03\\\/Olympia-Funiture-and-Mattress-logo-e1556236669250.jpg\",\"contentUrl\":\"http:\\\/\\\/saltlakefurniture.com\\\/wp-content\\\/uploads\\\/2019\\\/03\\\/Olympia-Funiture-and-Mattress-logo-e1556236669250.jpg\",\"width\":300,\"height\":115,\"caption\":\"Olympia Furniture | West Jordan\"},\"image\":{\"@id\":\"https:\\\/\\\/saltlakefurniture.com\\\/#\\\/schema\\\/logo\\\/image\\\/\"},\"sameAs\":[\"https:\\\/\\\/www.facebook.com\\\/olympiafurniturewj\\\/\",\"https:\\\/\\\/www.pinterest.com\\\/olympiafurniture\\\/\"]}]}<\/script>\n<!-- \/ Yoast SEO plugin. -->","yoast_head_json":{"title":"Contact - Best Prices &amp; Selection - Furniture &amp; Mattresses | Olympia Furniture","robots":{"index":"index","follow":"follow","max-snippet":"max-snippet:-1","max-image-preview":"max-image-preview:large","max-video-preview":"max-video-preview:-1"},"canonical":"https:\/\/saltlakefurniture.com\/es\/contact\/","og_locale":"es_MX","og_type":"article","og_title":"Contact - Best Prices &amp; Selection - Furniture &amp; Mattresses | Olympia Furniture","og_description":"Schedule Your Visit to Include an In-store Consultation and Save 10% Get an EXTRA 10% off. All you have to do to schedule a consultation is to fill out the form below or give us a call. Contact our Salt Lake City, Utah Store Schedule An Interior Design Consultation * Send photos of the space&hellip;","og_url":"https:\/\/saltlakefurniture.com\/es\/contact\/","og_site_name":"Best Prices &amp; Selection - Furniture &amp; Mattresses | Olympia Furniture","article_publisher":"https:\/\/www.facebook.com\/olympiafurniturewj\/","article_modified_time":"2020-07-04T12:57:28+00:00","og_image":[{"url":"http:\/\/saltlakefurniture.com\/wp-content\/uploads\/2020\/02\/Olympia-Furniture-Salt-Lake-Store-Front-Entrance-off-Redwood-Road.jpg","type":"","width":"","height":""}],"twitter_card":"summary_large_image","twitter_misc":{"Tiempo de lectura":"1 minuto"},"schema":{"@context":"https:\/\/schema.org","@graph":[{"@type":"WebPage","@id":"https:\/\/saltlakefurniture.com\/contact\/","url":"https:\/\/saltlakefurniture.com\/contact\/","name":"Contact - Best Prices &amp; Selection - Furniture &amp; Mattresses | Olympia Furniture","isPartOf":{"@id":"https:\/\/saltlakefurniture.com\/#website"},"primaryImageOfPage":{"@id":"https:\/\/saltlakefurniture.com\/contact\/#primaryimage"},"image":{"@id":"https:\/\/saltlakefurniture.com\/contact\/#primaryimage"},"thumbnailUrl":"http:\/\/saltlakefurniture.com\/wp-content\/uploads\/2020\/02\/Olympia-Furniture-Salt-Lake-Store-Front-Entrance-off-Redwood-Road.jpg","datePublished":"2019-02-03T13:47:11+00:00","dateModified":"2020-07-04T12:57:28+00:00","breadcrumb":{"@id":"https:\/\/saltlakefurniture.com\/contact\/#breadcrumb"},"inLanguage":"es","potentialAction":[{"@type":"ReadAction","target":["https:\/\/saltlakefurniture.com\/contact\/"]}]},{"@type":"ImageObject","inLanguage":"es","@id":"https:\/\/saltlakefurniture.com\/contact\/#primaryimage","url":"http:\/\/saltlakefurniture.com\/wp-content\/uploads\/2020\/02\/Olympia-Furniture-Salt-Lake-Store-Front-Entrance-off-Redwood-Road.jpg","contentUrl":"http:\/\/saltlakefurniture.com\/wp-content\/uploads\/2020\/02\/Olympia-Furniture-Salt-Lake-Store-Front-Entrance-off-Redwood-Road.jpg"},{"@type":"BreadcrumbList","@id":"https:\/\/saltlakefurniture.com\/contact\/#breadcrumb","itemListElement":[{"@type":"ListItem","position":1,"name":"Home","item":"https:\/\/saltlakefurniture.com\/"},{"@type":"ListItem","position":2,"name":"Contact"}]},{"@type":"WebSite","@id":"https:\/\/saltlakefurniture.com\/#website","url":"https:\/\/saltlakefurniture.com\/","name":"Mejores precios y selecci\u00f3n - Muebles y colchones | Muebles Olympia","description":"Fast &amp; Easy Furniture Shopping Experience with Your Personal Furniture Consultant","publisher":{"@id":"https:\/\/saltlakefurniture.com\/#organization"},"potentialAction":[{"@type":"SearchAction","target":{"@type":"EntryPoint","urlTemplate":"https:\/\/saltlakefurniture.com\/?s={search_term_string}"},"query-input":{"@type":"PropertyValueSpecification","valueRequired":true,"valueName":"search_term_string"}}],"inLanguage":"es"},{"@type":"Organization","@id":"https:\/\/saltlakefurniture.com\/#organization","name":"Olympia Furniture | West Jordan","url":"https:\/\/saltlakefurniture.com\/","logo":{"@type":"ImageObject","inLanguage":"es","@id":"https:\/\/saltlakefurniture.com\/#\/schema\/logo\/image\/","url":"http:\/\/saltlakefurniture.com\/wp-content\/uploads\/2019\/03\/Olympia-Funiture-and-Mattress-logo-e1556236669250.jpg","contentUrl":"http:\/\/saltlakefurniture.com\/wp-content\/uploads\/2019\/03\/Olympia-Funiture-and-Mattress-logo-e1556236669250.jpg","width":300,"height":115,"caption":"Olympia Furniture | West Jordan"},"image":{"@id":"https:\/\/saltlakefurniture.com\/#\/schema\/logo\/image\/"},"sameAs":["https:\/\/www.facebook.com\/olympiafurniturewj\/","https:\/\/www.pinterest.com\/olympiafurniture\/"]}]}},"_links":{"self":[{"href":"https:\/\/saltlakefurniture.com\/es\/wp-json\/wp\/v2\/pages\/11","targetHints":{"allow":["GET"]}}],"collection":[{"href":"https:\/\/saltlakefurniture.com\/es\/wp-json\/wp\/v2\/pages"}],"about":[{"href":"https:\/\/saltlakefurniture.com\/es\/wp-json\/wp\/v2\/types\/page"}],"author":[{"embeddable":true,"href":"https:\/\/saltlakefurniture.com\/es\/wp-json\/wp\/v2\/users\/1"}],"replies":[{"embeddable":true,"href":"https:\/\/saltlakefurniture.com\/es\/wp-json\/wp\/v2\/comments?post=11"}],"version-history":[{"count":18,"href":"https:\/\/saltlakefurniture.com\/es\/wp-json\/wp\/v2\/pages\/11\/revisions"}],"predecessor-version":[{"id":1019,"href":"https:\/\/saltlakefurniture.com\/es\/wp-json\/wp\/v2\/pages\/11\/revisions\/1019"}],"wp:attachment":[{"href":"https:\/\/saltlakefurniture.com\/es\/wp-json\/wp\/v2\/media?parent=11"}],"curies":[{"name":"wp","href":"https:\/\/api.w.org\/{rel}","templated":true}]}}