{"id":10,"date":"2019-02-03T13:46:43","date_gmt":"2019-02-03T13:46:43","guid":{"rendered":"http:\/\/saltlakefurniture.com\/?page_id=10"},"modified":"2020-07-04T12:41:53","modified_gmt":"2020-07-04T12:41:53","slug":"about","status":"publish","type":"page","link":"https:\/\/saltlakefurniture.com\/es\/about\/","title":{"rendered":"Acerca de Olympia Furniture (Salt Lake Store)"},"content":{"rendered":"<h1>\n\t\tSalt Lake Furniture Store y mayorista de colchones\n\t<\/h1>\n\t<h2>La selecci\u00f3n de una gran tienda ... y el conocimiento y la atenci\u00f3n<br \/>\nde una empresa familiar multigeneraci\u00f3n (aqu\u00ed mismo en Salt Lake)<\/h2>\n<p>&nbsp;<\/p>\n<p>Olympia Furniture, con sede en Salt Lake, opera un <a href=\"http:\/\/www.olympiafurnitureonline.com\">tienda de muebles en l\u00ednea y una creciente cadena de tiendas f\u00edsicas<\/a>, con una amplia y creciente selecci\u00f3n de muebles y colchones asequibles.<\/p>\n<p>&nbsp;<\/p>\n<p>Olympia Furniture comenz\u00f3 durante los Juegos Ol\u00edmpicos de Invierno de 2002 en Salt Lake City. Ahora somos una empresa familiar de segunda generaci\u00f3n con tres tiendas administradas por una gerencia de segunda generaci\u00f3n que ha crecido en el negocio de muebles. Todo nuestro enfoque es ayudarlo a encontrar algo que le guste y que se ajuste perfectamente a su hogar, de la manera m\u00e1s r\u00e1pida y f\u00e1cil posible. Comprar muebles con Olympia es f\u00e1cil.<\/p>\n<p>&nbsp;<\/p>\n<p>Encu\u00e9ntrenos cuando nos visite. e inmediatamente te atenderemos y cuidaremos, haciendo que tu experiencia sea lo menos estresante posible. Luego, una vez que haya encontrado el juego de sala, dormitorio, colch\u00f3n o cualquier otro mueble perfecto, lo hacemos a\u00fan m\u00e1s f\u00e1cil con la entrega a domicilio. Si vive dentro de las 10 millas. Sus muebles nuevos se colocar\u00e1n en el lugar perfecto de su hogar, sin cargo.<\/p>\n<p>&nbsp;<\/p>\n<p>Ofrecemos muebles modernos y cl\u00e1sicos de la marca l\u00edder para cada habitaci\u00f3n de su hogar y oficina. Desde juegos de sala hasta juegos de dormitorio. Muebles para el hogar para muebles de oficina, incluidos escritorios y sillas de oficina. Nuestros muebles de patio incluyen c\u00f3modos sof\u00e1s y juegos de comedor para vivir al aire libre. Tambi\u00e9n fabricamos y vendemos colchones de calidad al por mayor, que representan el colch\u00f3n de mayor valor que puedes encontrar en el Valle de Salt Lake.<\/p>\n<p>&nbsp;<\/p>\n<p>\u00bfNecesita algunos consejos de decoraci\u00f3n de interiores? Nuestro personal es experto en hacer sugerencias para el mueble correcto en el lugar correcto. Llame y programe una consulta en la tienda para analizar sus necesidades y, a su llegada, ahorrar\u00e1 inmediatamente 10% en cualquier compra. Obtenga la atenci\u00f3n exclusiva de nuestro personal capacitado y obtenga exactamente lo que est\u00e1 buscando, dentro de su presupuesto, en el menor tiempo posible.<\/p>\n<p>&nbsp;<\/p>\n<p>Nuestra tienda de Salt Lake est\u00e1 convenientemente ubicada cerca de Redwood Road y la salida I-80, cerca del intercambio I-80 e I-215. Puede encontrarnos en la frontera de West Valley y Rose Park. Magna, UT al oeste y Taylorsville y Kearns al sur. \u00a1Vis\u00edtenos y descubra lo f\u00e1cil que puede ser comprar muebles!<\/p>\n<p>&nbsp;<\/p>\n<p>Hablamos espa\u00f1ol: Muebles latinos, propiedad de latinos para la comunidad latina durante casi dos d\u00e9cadas.<\/p>\n\t<left>\n<a href=\"#\"><button alt=\"Booknow button\" id='bookafy-scheduling' data-domain-name=\"https:\/\/puremaintenance.bookafy.com\/john-mecham\">Programe una consulta de dise\u00f1o de interiores<\/button><\/a>\n<style> #bookafy-scheduling {visibility: show; \nheight: 40px; \nwidth: 400px; \nbackground-color: #1a9a8b; \ncolor: white; \nfont-size: 16px; \nborder-color: white; \nborder-style:solid; \nborder-radius: 4px; \ncursor: pointer;} \n#bookafy-scheduling:hover {background-color: #007ffff ; color:white; border-color:white;} <\/style>\n<\/left>\n\t<p>* Env\u00ede fotos del espacio que est\u00e1 tratando de proporcionar + im\u00e1genes de la apariencia que desea, y le daremos un 10% adicional de descuento<\/p>\n\t<ul>\n\t\t\t<li>\n\t\t\t\tFinanciamiento disponible - Buen cr\u00e9dito innecesario\n\t\t\t<\/li>\n\t\t<\/ul>\n\t\t\t\t<a href=\"https:\/\/snapfinance.com\/apply\" target=\"_self\" rel=\"nofollow noopener noreferrer\" itemprop=\"url\">\n\t\t\t\t<img loading=\"lazy\" decoding=\"async\" src=\"http:\/\/saltlakefurniture.com\/wp-content\/uploads\/2019\/02\/Snap-Finance-Olympia-Furniture-Salt-Lake-Store.jpeg\" alt=\"Snap Finance - Olympia Furniture (Salt Lake Store)\" itemprop=\"image\" height=\"250\" width=\"250\" title=\"Snap Finance - Olympia Furniture (Tienda de Salt Lake)\" onerror=\"this.style.display='none'\"  \/>\n\t\t\t\t<\/a>\n\t\t\t\t<a href=\"http:\/\/saltlakefurniture.com\/wp-content\/uploads\/2020\/07\/4thofJuly_FLAT_23702-acima.jpg\" target=\"_self\" itemprop=\"url\" rel=\"noopener noreferrer\">\n\t\t\t\t<img loading=\"lazy\" decoding=\"async\" src=\"http:\/\/saltlakefurniture.com\/wp-content\/uploads\/2020\/07\/4thofJuly_FLAT_23702-acima.jpg\" alt=\"Acima Credit Application\" itemprop=\"image\" height=\"800\" width=\"800\" title=\"4thofJuly_FLAT_23702-acima\" onerror=\"this.style.display='none'\"  \/>\n\t\t\t\t<\/a>\n\t<ul>\n\t\t\t<li>\n\t\t\t\trecogida gratuita si vives fuera de Salt Lake Valley\n\t\t\t<\/li>\n\t\t<\/ul>\n\t<p>El env\u00edo de muebles es costoso. Si vives fuera del Valle de Salt Lake, puedes pedir cualquiera de nuestros 20,000 art\u00edculos de muebles y recogerlo aqu\u00ed en nuestra tienda, gratis. Vea nuestra gran selecci\u00f3n de muebles de calidad haciendo clic a continuaci\u00f3n.<\/p>\n<p>&nbsp;<\/p>\n\t\t\t<a href=\"https:\/\/olympiafurnitureonline.com\" target=\"_self\" role=\"button\" rel=\"nofollow noopener noreferrer\">\n\t\t\t\t\t\t\tVea nuestra selecci\u00f3n de muebles\n\t\t\t\t\t<\/a>\n\t<ul>\n\t\t\t<li>\n\t\t\t\t  Entrega gratuita de 10 a 10 peniques a 10 millas de la tienda\n\t\t\t<\/li>\n\t\t<\/ul>\n\t<p>M\u00e1s de 20,000 muebles para elegir. Y si vive en el Valle de Salt Lake, puede recibir cualquiera de estos art\u00edculos, desempacarlos y configurarlos en su hogar de forma gratuita. Si puede estar disponible para la entrega entre las 10 a.m. y las 10 p.m., haremos los arreglos necesarios para entregar sus nuevos art\u00edculos en el momento que sea conveniente para usted.<\/p>\n\t\t\t<a href=\"https:\/\/www.olympiafurnitureonline.com\" target=\"_self\" role=\"button\" rel=\"nofollow noopener noreferrer\">\n\t\t\t\t\t\t\tCompra ahora\n\t\t\t\t\t<\/a>\n\t<iframe src=\"https:\/\/www.google.com\/maps\/embed\/v1\/place?q=Olympia+Furniture+%28Salt+Lake+Store%29+Address%3A+1842+S+Redwood+Rd%2C+Salt+Lake+City%2C+UT+84104%0A&#038;key=AIzaSyD09zQ9PNDNNy9TadMuzRV_UsPUoWKntt8\" aria-hidden=\"true\"><\/iframe>\n\t<p><strong>Olympia Furniture (Tienda Salt Lake)<\/strong><\/p>\n7019 South Redwood Road<br \/>\nSalt Lake City, UT 84084\n<p><a href=\"tel:+18016959555\"> (801) 695-9555<\/a><\/p>\n\t<p><strong>Vis\u00edtanos<\/strong><\/p>\nLunes a s\u00e1bado: 10 a. M. - 7:30 p. M.<br \/>\nDomingo: 11 a. M. - 5 p. M.\n<p>Hablamos Espnaol - Muebles y Colchones<\/p>\n\t\t\t\t<img loading=\"lazy\" decoding=\"async\" src=\"http:\/\/saltlakefurniture.com\/wp-content\/uploads\/2019\/02\/Snap-Finance-Olympia-Furniture-Salt-Lake-Store.jpeg\" alt=\"Snap Finance - Olympia Furniture (Salt Lake Store)\" itemprop=\"image\" height=\"250\" width=\"250\" title=\"Snap Finance - Olympia Furniture (Tienda de Salt Lake)\" onerror=\"this.style.display='none'\"  \/>\n\t<iframe src=\"https:\/\/www.google.com\/maps\/embed\/v1\/place?q=Olympia+Furniture+%28Salt+Lake+Store%29+1842+S+Redwood+Rd%2C+Salt+Lake+City%2C+UT+84104%0A&#038;key=AIzaSyD09zQ9PNDNNy9TadMuzRV_UsPUoWKntt8\" aria-hidden=\"true\"><\/iframe>","protected":false},"excerpt":{"rendered":"<p>Tienda de muebles y mayorista de colchones de Salt Lake La selecci\u00f3n de una gran tienda ... y el conocimiento y la atenci\u00f3n de una empresa familiar de varias generaciones (aqu\u00ed mismo en Salt Lake) Olympia Furniture, con sede en Salt Lake, opera una tienda de muebles en l\u00ednea y una cadena en crecimiento de tiendas f\u00edsicas, con una amplia y creciente selecci\u00f3n de\u2026<\/p>","protected":false},"author":1,"featured_media":0,"parent":0,"menu_order":0,"comment_status":"closed","ping_status":"closed","template":"","meta":{"footnotes":""},"class_list":["post-10","page","type-page","status-publish","hentry"],"yoast_head":"<!-- This site is optimized with the Yoast SEO plugin v27.3 - https:\/\/yoast.com\/product\/yoast-seo-wordpress\/ -->\n<title>About Olympia Furniture (Salt Lake Store) - Best Prices &amp; Selection - Furniture &amp; Mattresses | Olympia Furniture<\/title>\n<meta name=\"robots\" content=\"index, follow, max-snippet:-1, max-image-preview:large, max-video-preview:-1\" \/>\n<link rel=\"canonical\" href=\"https:\/\/saltlakefurniture.com\/es\/about\/\" \/>\n<meta property=\"og:locale\" content=\"es_MX\" \/>\n<meta property=\"og:type\" content=\"article\" \/>\n<meta property=\"og:title\" content=\"About Olympia Furniture (Salt Lake Store) - Best Prices &amp; Selection - Furniture &amp; Mattresses | Olympia Furniture\" \/>\n<meta property=\"og:description\" content=\"Salt Lake Furniture Store and Mattress Wholesaler The Selection of a Big Box Store&#8230;\u00a0 and The Knowledge and Attention of a Multi-Generation Family Business (Right Here in Salt Lake) &nbsp; Olympia Furniture, heaquartered in Salt Lake operates an online furniture store and a growing chain of brick-n-mortar stores, with a large and growing selection of&hellip;\" \/>\n<meta property=\"og:url\" content=\"https:\/\/saltlakefurniture.com\/es\/about\/\" \/>\n<meta property=\"og:site_name\" content=\"Best Prices &amp; Selection - Furniture &amp; Mattresses | Olympia Furniture\" \/>\n<meta property=\"article:publisher\" content=\"https:\/\/www.facebook.com\/olympiafurniturewj\/\" \/>\n<meta property=\"article:modified_time\" content=\"2020-07-04T12:41:53+00:00\" \/>\n<meta property=\"og:image\" content=\"http:\/\/saltlakefurniture.com\/wp-content\/uploads\/2019\/02\/Snap-Finance-Olympia-Furniture-Salt-Lake-Store.jpeg\" \/>\n<meta name=\"twitter:card\" content=\"summary_large_image\" \/>\n<meta name=\"twitter:label1\" content=\"Tiempo de lectura\" \/>\n\t<meta name=\"twitter:data1\" content=\"3 minutos\" \/>\n<script type=\"application\/ld+json\" class=\"yoast-schema-graph\">{\"@context\":\"https:\\\/\\\/schema.org\",\"@graph\":[{\"@type\":\"WebPage\",\"@id\":\"https:\\\/\\\/saltlakefurniture.com\\\/about\\\/\",\"url\":\"https:\\\/\\\/saltlakefurniture.com\\\/about\\\/\",\"name\":\"About Olympia Furniture (Salt Lake Store) - Best Prices &amp; Selection - Furniture &amp; Mattresses | Olympia Furniture\",\"isPartOf\":{\"@id\":\"https:\\\/\\\/saltlakefurniture.com\\\/#website\"},\"primaryImageOfPage\":{\"@id\":\"https:\\\/\\\/saltlakefurniture.com\\\/about\\\/#primaryimage\"},\"image\":{\"@id\":\"https:\\\/\\\/saltlakefurniture.com\\\/about\\\/#primaryimage\"},\"thumbnailUrl\":\"http:\\\/\\\/saltlakefurniture.com\\\/wp-content\\\/uploads\\\/2019\\\/02\\\/Snap-Finance-Olympia-Furniture-Salt-Lake-Store.jpeg\",\"datePublished\":\"2019-02-03T13:46:43+00:00\",\"dateModified\":\"2020-07-04T12:41:53+00:00\",\"breadcrumb\":{\"@id\":\"https:\\\/\\\/saltlakefurniture.com\\\/about\\\/#breadcrumb\"},\"inLanguage\":\"es\",\"potentialAction\":[{\"@type\":\"ReadAction\",\"target\":[\"https:\\\/\\\/saltlakefurniture.com\\\/about\\\/\"]}]},{\"@type\":\"ImageObject\",\"inLanguage\":\"es\",\"@id\":\"https:\\\/\\\/saltlakefurniture.com\\\/about\\\/#primaryimage\",\"url\":\"http:\\\/\\\/saltlakefurniture.com\\\/wp-content\\\/uploads\\\/2019\\\/02\\\/Snap-Finance-Olympia-Furniture-Salt-Lake-Store.jpeg\",\"contentUrl\":\"http:\\\/\\\/saltlakefurniture.com\\\/wp-content\\\/uploads\\\/2019\\\/02\\\/Snap-Finance-Olympia-Furniture-Salt-Lake-Store.jpeg\"},{\"@type\":\"BreadcrumbList\",\"@id\":\"https:\\\/\\\/saltlakefurniture.com\\\/about\\\/#breadcrumb\",\"itemListElement\":[{\"@type\":\"ListItem\",\"position\":1,\"name\":\"Home\",\"item\":\"https:\\\/\\\/saltlakefurniture.com\\\/\"},{\"@type\":\"ListItem\",\"position\":2,\"name\":\"About Olympia Furniture (Salt Lake Store)\"}]},{\"@type\":\"WebSite\",\"@id\":\"https:\\\/\\\/saltlakefurniture.com\\\/#website\",\"url\":\"https:\\\/\\\/saltlakefurniture.com\\\/\",\"name\":\"Best Prices &amp; Selection - Furniture &amp; Mattresses | Olympia Furniture\",\"description\":\"Fast &amp; Easy Furniture Shopping Experience with Your Personal Furniture Consultant\",\"publisher\":{\"@id\":\"https:\\\/\\\/saltlakefurniture.com\\\/#organization\"},\"potentialAction\":[{\"@type\":\"SearchAction\",\"target\":{\"@type\":\"EntryPoint\",\"urlTemplate\":\"https:\\\/\\\/saltlakefurniture.com\\\/?s={search_term_string}\"},\"query-input\":{\"@type\":\"PropertyValueSpecification\",\"valueRequired\":true,\"valueName\":\"search_term_string\"}}],\"inLanguage\":\"es\"},{\"@type\":\"Organization\",\"@id\":\"https:\\\/\\\/saltlakefurniture.com\\\/#organization\",\"name\":\"Olympia Furniture | West Jordan\",\"url\":\"https:\\\/\\\/saltlakefurniture.com\\\/\",\"logo\":{\"@type\":\"ImageObject\",\"inLanguage\":\"es\",\"@id\":\"https:\\\/\\\/saltlakefurniture.com\\\/#\\\/schema\\\/logo\\\/image\\\/\",\"url\":\"http:\\\/\\\/saltlakefurniture.com\\\/wp-content\\\/uploads\\\/2019\\\/03\\\/Olympia-Funiture-and-Mattress-logo-e1556236669250.jpg\",\"contentUrl\":\"http:\\\/\\\/saltlakefurniture.com\\\/wp-content\\\/uploads\\\/2019\\\/03\\\/Olympia-Funiture-and-Mattress-logo-e1556236669250.jpg\",\"width\":300,\"height\":115,\"caption\":\"Olympia Furniture | West Jordan\"},\"image\":{\"@id\":\"https:\\\/\\\/saltlakefurniture.com\\\/#\\\/schema\\\/logo\\\/image\\\/\"},\"sameAs\":[\"https:\\\/\\\/www.facebook.com\\\/olympiafurniturewj\\\/\",\"https:\\\/\\\/www.pinterest.com\\\/olympiafurniture\\\/\"]}]}<\/script>\n<!-- \/ Yoast SEO plugin. -->","yoast_head_json":{"title":"About Olympia Furniture (Salt Lake Store) - Best Prices &amp; Selection - Furniture &amp; Mattresses | Olympia Furniture","robots":{"index":"index","follow":"follow","max-snippet":"max-snippet:-1","max-image-preview":"max-image-preview:large","max-video-preview":"max-video-preview:-1"},"canonical":"https:\/\/saltlakefurniture.com\/es\/about\/","og_locale":"es_MX","og_type":"article","og_title":"About Olympia Furniture (Salt Lake Store) - Best Prices &amp; Selection - Furniture &amp; Mattresses | Olympia Furniture","og_description":"Salt Lake Furniture Store and Mattress Wholesaler The Selection of a Big Box Store&#8230;\u00a0 and The Knowledge and Attention of a Multi-Generation Family Business (Right Here in Salt Lake) &nbsp; Olympia Furniture, heaquartered in Salt Lake operates an online furniture store and a growing chain of brick-n-mortar stores, with a large and growing selection of&hellip;","og_url":"https:\/\/saltlakefurniture.com\/es\/about\/","og_site_name":"Best Prices &amp; Selection - Furniture &amp; Mattresses | Olympia Furniture","article_publisher":"https:\/\/www.facebook.com\/olympiafurniturewj\/","article_modified_time":"2020-07-04T12:41:53+00:00","og_image":[{"url":"http:\/\/saltlakefurniture.com\/wp-content\/uploads\/2019\/02\/Snap-Finance-Olympia-Furniture-Salt-Lake-Store.jpeg","type":"","width":"","height":""}],"twitter_card":"summary_large_image","twitter_misc":{"Tiempo de lectura":"3 minutos"},"schema":{"@context":"https:\/\/schema.org","@graph":[{"@type":"WebPage","@id":"https:\/\/saltlakefurniture.com\/about\/","url":"https:\/\/saltlakefurniture.com\/about\/","name":"About Olympia Furniture (Salt Lake Store) - Best Prices &amp; Selection - Furniture &amp; Mattresses | Olympia Furniture","isPartOf":{"@id":"https:\/\/saltlakefurniture.com\/#website"},"primaryImageOfPage":{"@id":"https:\/\/saltlakefurniture.com\/about\/#primaryimage"},"image":{"@id":"https:\/\/saltlakefurniture.com\/about\/#primaryimage"},"thumbnailUrl":"http:\/\/saltlakefurniture.com\/wp-content\/uploads\/2019\/02\/Snap-Finance-Olympia-Furniture-Salt-Lake-Store.jpeg","datePublished":"2019-02-03T13:46:43+00:00","dateModified":"2020-07-04T12:41:53+00:00","breadcrumb":{"@id":"https:\/\/saltlakefurniture.com\/about\/#breadcrumb"},"inLanguage":"es","potentialAction":[{"@type":"ReadAction","target":["https:\/\/saltlakefurniture.com\/about\/"]}]},{"@type":"ImageObject","inLanguage":"es","@id":"https:\/\/saltlakefurniture.com\/about\/#primaryimage","url":"http:\/\/saltlakefurniture.com\/wp-content\/uploads\/2019\/02\/Snap-Finance-Olympia-Furniture-Salt-Lake-Store.jpeg","contentUrl":"http:\/\/saltlakefurniture.com\/wp-content\/uploads\/2019\/02\/Snap-Finance-Olympia-Furniture-Salt-Lake-Store.jpeg"},{"@type":"BreadcrumbList","@id":"https:\/\/saltlakefurniture.com\/about\/#breadcrumb","itemListElement":[{"@type":"ListItem","position":1,"name":"Home","item":"https:\/\/saltlakefurniture.com\/"},{"@type":"ListItem","position":2,"name":"About Olympia Furniture (Salt Lake Store)"}]},{"@type":"WebSite","@id":"https:\/\/saltlakefurniture.com\/#website","url":"https:\/\/saltlakefurniture.com\/","name":"Mejores precios y selecci\u00f3n - Muebles y colchones | Muebles Olympia","description":"Fast &amp; Easy Furniture Shopping Experience with Your Personal Furniture Consultant","publisher":{"@id":"https:\/\/saltlakefurniture.com\/#organization"},"potentialAction":[{"@type":"SearchAction","target":{"@type":"EntryPoint","urlTemplate":"https:\/\/saltlakefurniture.com\/?s={search_term_string}"},"query-input":{"@type":"PropertyValueSpecification","valueRequired":true,"valueName":"search_term_string"}}],"inLanguage":"es"},{"@type":"Organization","@id":"https:\/\/saltlakefurniture.com\/#organization","name":"Olympia Furniture | West Jordan","url":"https:\/\/saltlakefurniture.com\/","logo":{"@type":"ImageObject","inLanguage":"es","@id":"https:\/\/saltlakefurniture.com\/#\/schema\/logo\/image\/","url":"http:\/\/saltlakefurniture.com\/wp-content\/uploads\/2019\/03\/Olympia-Funiture-and-Mattress-logo-e1556236669250.jpg","contentUrl":"http:\/\/saltlakefurniture.com\/wp-content\/uploads\/2019\/03\/Olympia-Funiture-and-Mattress-logo-e1556236669250.jpg","width":300,"height":115,"caption":"Olympia Furniture | West Jordan"},"image":{"@id":"https:\/\/saltlakefurniture.com\/#\/schema\/logo\/image\/"},"sameAs":["https:\/\/www.facebook.com\/olympiafurniturewj\/","https:\/\/www.pinterest.com\/olympiafurniture\/"]}]}},"_links":{"self":[{"href":"https:\/\/saltlakefurniture.com\/es\/wp-json\/wp\/v2\/pages\/10","targetHints":{"allow":["GET"]}}],"collection":[{"href":"https:\/\/saltlakefurniture.com\/es\/wp-json\/wp\/v2\/pages"}],"about":[{"href":"https:\/\/saltlakefurniture.com\/es\/wp-json\/wp\/v2\/types\/page"}],"author":[{"embeddable":true,"href":"https:\/\/saltlakefurniture.com\/es\/wp-json\/wp\/v2\/users\/1"}],"replies":[{"embeddable":true,"href":"https:\/\/saltlakefurniture.com\/es\/wp-json\/wp\/v2\/comments?post=10"}],"version-history":[{"count":29,"href":"https:\/\/saltlakefurniture.com\/es\/wp-json\/wp\/v2\/pages\/10\/revisions"}],"predecessor-version":[{"id":1007,"href":"https:\/\/saltlakefurniture.com\/es\/wp-json\/wp\/v2\/pages\/10\/revisions\/1007"}],"wp:attachment":[{"href":"https:\/\/saltlakefurniture.com\/es\/wp-json\/wp\/v2\/media?parent=10"}],"curies":[{"name":"wp","href":"https:\/\/api.w.org\/{rel}","templated":true}]}}